{"id":887,"date":"2020-10-29T16:53:33","date_gmt":"2020-10-29T16:53:33","guid":{"rendered":"https:\/\/retrorallye.de\/?page_id=887"},"modified":"2024-11-16T11:27:00","modified_gmt":"2024-11-16T11:27:00","slug":"termine-2020-archiv","status":"publish","type":"page","link":"https:\/\/retrorallye.de\/?page_id=887","title":{"rendered":"Ergebnisse\/Termine 2020"},"content":{"rendered":"<h3><strong>Termine 2020 Archiv<\/strong><\/h3>\n<p><strong>Termine RRS S\u00fcd, RRS Nord, RRC, ADMV-HistoCup<br \/>\n<\/strong><\/p>\n<p>29.02.2020 16. ADAC Rallye S\u00fcdliche Weinstra\u00dfe Historic<br \/>\nRallye 35 &#8211; RRS S\u00fcd, proWINter-Rallyecup &#8211; <a href=\"http:\/\/www.rallye-suedliche-weinstrasse.de\" target=\"_blank\" rel=\"noopener noreferrer\">www.rallye-suedliche-weinstrasse.de<\/a><br \/>\n<a href=\"https:\/\/www.rallye200-info.de\/20\/rsw\/ergebnis-rsw-glp-gesamt.pdf?fbclid=IwAR3QfpAWfe7q4cc__yge9BcvzBrN3qTrdlGRvFsHezipyMuEYUXy7kJHeB8\" target=\"_blank\" rel=\"noopener noreferrer\">Ergebnisse &gt;&gt;<\/a><\/p>\n<p>29.02.2020 ADAC ACW-Arena Retro Rallye Wertungslauf 1<br \/>\n01.03.2020 ADAC ACW-Arena Retro Rallye Wertungslauf 2 + 3<br \/>\nLauf 1 + 2 RRC, RRS Nord (best of 2) &#8211; AC Wolfenb\u00fcttel e.V. im ADAC &#8211; <a href=\"http:\/\/www.acw-retro-rallye.de\" target=\"_blank\" rel=\"noopener noreferrer\">www.acw-retro-rallye.de<\/a><br \/>\n<a href=\"http:\/\/www.zeitnahme-dataservice.de\/aaarr1_2020\/main.html\" target=\"_blank\" rel=\"noopener noreferrer\">Ergebnisse Lauf 1 &gt;&gt;<\/a><br \/>\n<a href=\"http:\/\/www.zeitnahme-dataservice.de\/aaarr2_2020\/main.html\" target=\"_blank\" rel=\"noopener noreferrer\">Ergebnisse Lauf 2 &gt;&gt;<\/a><br \/>\n<a href=\"http:\/\/www.zeitnahme-dataservice.de\/aaarr3_2020\/main.html\" target=\"_blank\" rel=\"noopener noreferrer\">Ergebnisse Lauf 3 &gt;&gt;<\/a><\/p>\n<p>07.03.2020 ADAC Retro RallyeWerra-Mei\u00dfner<br \/>\nRallye 70 &#8211; RRC, RRS Nord &#8211; RSG Rotenburge.V. im ADAC &#8211; <a href=\"http:\/\/www.werra-meissner-rallye.de\" target=\"_blank\" rel=\"noopener noreferrer\">www.werra-meissner-rallye.de<\/a><br \/>\n<a href=\"http:\/\/werra-meissner-rallye.de\/images\/2020_Gesamt_Retro.pdf\" target=\"_blank\" rel=\"noopener noreferrer\">Ergebnisse &gt;&gt;<\/a><\/p>\n<p>07.03.2020 &#8211; 2. Unterland Hohenlohe Wertungsfahrt Retro<br \/>\nRallye 35 &#8211; RRS S\u00fcd &#8211; <a href=\"http:\/\/www.rallye-hohenlohe.de\" target=\"_blank\" rel=\"noopener noreferrer\">www.rallye-hohenlohe.de<\/a><br \/>\n<a href=\"http:\/\/www.zatw.de\/ergebnisse\/2020\/RallyeHohenloheHisto\/rallye_gesamt.html?fbclid=IwAR1d5NSO6oRv259k4DxG20zU64Gr8EFk3rMwLq68KKkrAXY9ecln5RcVwDI\" target=\"_blank\" rel=\"noopener noreferrer\">Ergebnisse &gt;&gt;<\/a><\/p>\n<p>14.03.2020 7. UMC DMV Historic Rallye Ulm<br \/>\nRallye 35 &#8211; RRS S\u00fcd &#8211; <a href=\"http:\/\/www.umc-ulm.de\" target=\"_blank\" rel=\"noopener noreferrer\">www.umc-ulm.de<\/a><br \/>\n<a href=\"http:\/\/www.zatw.de\/ergebnisse\/2020\/RallyeUlmHistoRRS\/rallye_gesamt.html?fbclid=IwAR1nI6w7zfjMOiQgutBuKAbDJilrnTvPk4gsjdIPQcgUg13nCfeZcYy2QfE\" target=\"_blank\" rel=\"noopener noreferrer\">Ergebnisse &gt;&gt;<\/a><\/p>\n<p>28.03.2020 4. ADAC Rallye Buten un\u2019 Binnen-Retro &#8211; <strong>abgesagt<\/strong><br \/>\nRallye 70 &#8211; RRC, RRS Nord &#8211; AC Verden e.V. im ADAC &#8211; <a href=\"http:\/\/www.rallye-bubi.de\" target=\"_blank\" rel=\"noopener noreferrer\">www.rallye-bubi.de<\/a><\/p>\n<p>04.04.2020 11. ADAC Stormarn Retro Rallye &#8211; <strong>abgesagt<\/strong><br \/>\nRallye 35 &#8211; MSC Trittau e.V. im ADAC &#8211; <a href=\"http:\/\/www.msc-trittau.de\" target=\"_blank\" rel=\"noopener noreferrer\">www.msc-trittau.de<\/a><\/p>\n<p>25.04.2020 1. ADAC Retro Rallye Ostwestfalen &#8211; <strong>verschoben auf 22.08.2020<\/strong><\/p>\n<p>23.05.2020 11. ADAC Retro Rallye Gr\u00f6negau &#8211; <strong>abgesagt<\/strong><br \/>\nRallye 35 &#8211; RRS Nord &#8211; AC Melle e.V. im ADAC &#8211; <a href=\"http:\/\/www.rallye-groenegau.de\" target=\"_blank\" rel=\"noopener noreferrer\">www.rallye-groenegau.de<\/a><\/p>\n<p>20.06.2020 Rallye Oberhessen<strong> &#8211; abgesagt<\/strong><\/p>\n<p>18.07.2020 Rallye-Main Kinzig W\u00e4chtersbach<strong> &#8211; abgesagt<br \/>\n<\/strong><\/p>\n<p>26.07.2020 15. ADAC Fischereihafen Retro Rallyesprint<br \/>\nRallye 35 &#8211; RRC + RRS Nord &#8211; vormittags Ritterhuder AC e.V. im ADAC &#8211; <a href=\"http:\/\/www.ritterhuder-ac.de\" target=\"_blank\" rel=\"noopener noreferrer\">www.ritterhuder-ac.de<\/a><br \/>\n<a href=\"https:\/\/retrorallye.de\/wp-content\/uploads\/2020\/07\/racgesamt.pdf\" target=\"_blank\" rel=\"noopener noreferrer\">Ergebnisse &gt;&gt;<\/a><\/p>\n<p>26.07.2020 16. ADAC Fischereihafen Retro Rallyesprint<br \/>\nRallye 35 &#8211; RRC + RRS Nord &#8211; nachmittags SC Bremerhaven e.V. im ADAC &#8211; <a href=\"http:\/\/www.sportfahrer-club-bhv.de\" target=\"_blank\" rel=\"noopener noreferrer\">www.sportfahrer-club-bhv.de<\/a><br \/>\n<a href=\"https:\/\/retrorallye.de\/wp-content\/uploads\/2020\/07\/scbgesamt.pdf\" target=\"_blank\" rel=\"noopener noreferrer\">Ergebnisse &gt;&gt;<\/a><\/p>\n<p>01.08.2020 21. ADAC Holsten Historic Rallye<br \/>\nRallye 70 &#8211; RRS Nord &#8211; MSC Holstein e.V. im ADAC &#8211; <a href=\"http:\/\/www.msc-holstein.de\" target=\"_blank\" rel=\"noopener noreferrer\">www.msc-holstein.de<\/a><br \/>\n<a href=\"http:\/\/msc-holstein.de\/downloads\/holsten-histo-2020-gesamt.pdf\" target=\"_blank\" rel=\"noopener noreferrer\">Ergebnisse &gt;&gt;<\/a><\/p>\n<p>15.08.2020 13. ADAC Historic Rallye Alzey &#8211; <strong>abgesagt<\/strong><\/p>\n<p>22.08.2020 1. ADAC Retro Rallye Ostwestfalen &#8211; <strong>abgesagt<\/strong><br \/>\nRallye 35 &#8211; RRC, RRS Nord &#8211; MSC G\u00fctersloh e.V. im ADAC<\/p>\n<p>22.08.2020 Rallye Gr\u00fcnhain<strong> &#8211; abgesagt<\/strong><\/p>\n<p>22.08.2020 13. ADAC Ha\u00dfberg Retro Rallye Historic<strong> &#8211; abgesagt<br \/>\n<\/strong><a href=\"http:\/\/www.ac-ebern.de\" target=\"_blank\" rel=\"noopener noreferrer\">www.ac-ebern.de<\/a><strong><br \/>\n<\/strong><\/p>\n<p>29.08.2020 28. Litermont Rallye &#8211; <strong>abgesagt<\/strong><br \/>\nRallye 35 &#8211; RRS S\u00fcd &#8211; <a href=\"http:\/\/www.msc-piesbach.de\" target=\"_blank\" rel=\"noopener noreferrer\">www.msc-piesbach.de<\/a><\/p>\n<p>05.09.2020 ADAC Cimbern-Rallye<br \/>\nRallye 90 &#8211; <a href=\"http:\/\/www.cimbern-rallye.de\" target=\"_blank\" rel=\"noopener noreferrer\">www.cimbern-rallye.de<\/a><br \/>\n<a href=\"https:\/\/retrorallye.de\/ausschreibung_cimbern2020\" target=\"_blank\" rel=\"noopener noreferrer\">Zur Ausschreibung &gt;&gt;<\/a><br \/>\n<a href=\"https:\/\/www.cimbern-rallye.de\/teilnehmer\/nennung\" target=\"_blank\" rel=\"noopener noreferrer\">Zur Online-Nennung &gt;&gt;<\/a><br \/>\n<a href=\"https:\/\/retrorallye.de\/retro-endergebnis\" target=\"_blank\" rel=\"noopener noreferrer\">Ergebnis &gt;<\/a>&gt;<\/p>\n<p>05.09.2020 Hessen Rallye Days &#8211; <strong>abgesagt<\/strong><br \/>\nRallye 70 &#8211; RRC<\/p>\n<p>05.09.2020 Rallye Ostalb &#8211; <strong>abgesagt<\/strong><br \/>\nRallye 70 &#8211; RRS S\u00fcd<\/p>\n<p>12.09.2020 Rallye Schmiedeberg<br \/>\nRallye 70 &#8211; AHRC, AHSC<\/p>\n<p>12.09.2020 3. ADAC Retro Rallye des MSC Calw<strong> &#8211; abgesagt<\/strong><br \/>\n<a href=\"http:\/\/www.msc-calw.de\" target=\"_blank\" rel=\"noopener noreferrer\">www.msc-calw.de<\/a>&nbsp;<\/p>\n<p>12.09.2020 13. ADAC Historic Rallye Kohle und Stahl<br \/>\n<a href=\"http:\/\/www.msc-obere-nahe.de\" target=\"_blank\" rel=\"noopener noreferrer\">www.msc-obere-nahe.de<\/a><br \/>\nRallye 35 &#8211; RRS S\u00fcd<\/p>\n<p>19.09.2020 ADAC Rallye Laichingen &#8211; <strong>keine Retros<\/strong><br \/>\nRallye 35 &#8211; RRS S\u00fcd (Anw\u00e4rter)<\/p>\n<p>19.09.2020 Rallye Hinterland &#8211;<strong> abgesagt<\/strong><\/p>\n<p>26.09.2020 &#8211; 4. Buten und Binnen Retro Rallye<br \/>\nRallye 70<br \/>\n<a href=\"https:\/\/rallye-bubi.de\/fuer-teilnehmer\/ausschreibungsunterlagen\/\" target=\"_blank\" rel=\"noopener noreferrer\">Zur Onlinennennung &gt;&gt;<\/a><\/p>\n<p>26.09.2020 ADMV Rallye Osterburg &#8211; <strong>abgesagt<\/strong><br \/>\nRallye 35 &#8211; ADMV-HistoCup<\/p>\n<p>26.09.2020 &#8211; 8. ADAC DMI Retro-Rallye Fr\u00e4nkisches Weinland<br \/>\nRallye 35 &#8211; RRC<br \/>\n<a href=\"https:\/\/retrorallye.de\/wp-content\/uploads\/2020\/05\/Kurzausschreibung_Retro_frank_weinland.pdf\" target=\"_blank\" rel=\"noopener noreferrer\">Zur Kurzausscheibung &gt;&gt;<\/a><br \/>\n<a href=\"https:\/\/www.tw-sportsoft.de\/ADAC_Toyo_Tires_Rallye_Fraenkisches_Weinland_2020\/\" target=\"_blank\" rel=\"noopener noreferrer\">Zur Onlinenennung &gt;&gt;<\/a><\/p>\n<p>26.09.2020 13. ADAC Historic Rallye Potzberg <strong> &#8211; abgesagt<\/strong><br \/>\n<a href=\"http:\/\/www.potzberg-motorsport.de\" target=\"_blank\" rel=\"noopener noreferrer\">www.potzberg-motorsport.de<\/a><br \/>\nRallye 35 &#8211; RRS S\u00fcd<\/p>\n<p>26.09.2020 Rallye Zwickauer Land<strong> &#8211; abgesagt<\/strong><br \/>\nRallye 35 &#8211; AHRC<\/p>\n<p>03.10.2020 12. ADAC Historic Nibelungenring Rallye <strong>&#8211; abgesagt<\/strong><br \/>\n<a href=\"http:\/\/www.nibelungenring-rallye.de\" target=\"_blank\" rel=\"noopener noreferrer\">www.nibelungenring-rallye.de<\/a><br \/>\nRallye 35 &#8211; RRC, RRS S\u00fcd<\/p>\n<p>10.10.2020 Rallye Wartburg<strong> &#8211; abgesagt<\/strong><br \/>\nRallye 70, AHRC<\/p>\n<p>24.10.2020 12. ADAC Historic Rallye Bad Emstal <strong> &#8211; abgesagt<\/strong><br \/>\nRallye 35 &#8211; RRC, RRS S\u00fcd &#8211; MSC Emstal e.V. im ADAC &#8211; <a href=\"http:\/\/www.msc-emstal.de\" target=\"_blank\" rel=\"noopener noreferrer\">www.msc-emstal.de<\/a><\/p>\n<p>31.10.2020 ADAC Retro Rallye BW<strong> &#8211; abgesagt<\/strong><br \/>\n<a href=\"http:\/\/www.rallye-baden-W\u00fcrttemberg.de\" target=\"_blank\" rel=\"noopener noreferrer\">www.rallye-baden-W\u00fcrttemberg.de<\/a><br \/>\nRallye 70 &#8211; RRS S\u00fcd<\/p>\n<p>07.11.2020 Ried Rallyesprint Ichenheim<strong> &#8211; abgesagt<\/strong><br \/>\nRallye 15<\/p>\n<p>14.11.2020 2. ADAC RTHB Retro Rallye Hessisches Bergland <strong> &#8211; abgesagt<\/strong><br \/>\nRallye 70 &#8211; RRC, RRS Nord &#8211; Rallye Team Hessisches Bergland e.V. im ADAC<\/p>\n<p>21.11.2020 14. ADAC Historic Rallye Saar-Ost<strong> &#8211; abgesagt<\/strong><br \/>\n<a href=\"http:\/\/www.rallye-saar-ost.de\" target=\"_blank\" rel=\"noopener noreferrer\">www.rallye-saar-ost.de<\/a><br \/>\nRallye 35 &#8211; RRS S\u00fcd<\/p>\n","protected":false},"excerpt":{"rendered":"<p>Termine 2020 Archiv Termine RRS S\u00fcd, RRS Nord, RRC, ADMV-HistoCup 29.02.2020 16. ADAC Rallye S\u00fcdliche Weinstra\u00dfe Historic Rallye 35 &#8211;<\/p>\n","protected":false},"author":1,"featured_media":0,"parent":136,"menu_order":0,"comment_status":"closed","ping_status":"closed","template":"","meta":{"ngg_post_thumbnail":0,"_mc_calendar":[],"footnotes":""},"class_list":["post-887","page","type-page","status-publish","hentry"],"yoast_head":"<!-- This site is optimized with the Yoast SEO plugin v27.4 - https:\/\/yoast.com\/product\/yoast-seo-wordpress\/ -->\n<title>Ergebnisse\/Termine 2020 - Retro-Rallye<\/title>\n<meta name=\"description\" content=\"Retro-Rallyes werden mit mindestens 20 Jahren alten Fahrzeugen auf Sollzeit gefahren. Durch die geringen Kosten ein perfekter Einstieg in den Motorsport.\" \/>\n<meta name=\"robots\" content=\"index, follow, max-snippet:-1, max-image-preview:large, max-video-preview:-1\" \/>\n<link rel=\"canonical\" href=\"https:\/\/retrorallye.de\/?page_id=887\" \/>\n<meta property=\"og:locale\" content=\"de_DE\" \/>\n<meta property=\"og:type\" content=\"article\" \/>\n<meta property=\"og:title\" content=\"Ergebnisse\/Termine 2020 - Retro-Rallye\" \/>\n<meta property=\"og:description\" content=\"Retro-Rallyes werden mit mindestens 20 Jahren alten Fahrzeugen auf Sollzeit gefahren. Durch die geringen Kosten ein perfekter Einstieg in den Motorsport.\" \/>\n<meta property=\"og:url\" content=\"https:\/\/retrorallye.de\/?page_id=887\" \/>\n<meta property=\"og:site_name\" content=\"Retro-Rallye\" \/>\n<meta property=\"article:modified_time\" content=\"2024-11-16T11:27:00+00:00\" \/>\n<meta name=\"twitter:card\" content=\"summary_large_image\" \/>\n<meta name=\"twitter:label1\" content=\"Gesch\u00e4tzte Lesezeit\" \/>\n\t<meta name=\"twitter:data1\" content=\"3\u00a0Minuten\" \/>\n<script type=\"application\/ld+json\" class=\"yoast-schema-graph\">{\"@context\":\"https:\\\/\\\/schema.org\",\"@graph\":[{\"@type\":\"WebPage\",\"@id\":\"https:\\\/\\\/retrorallye.de\\\/?page_id=887\",\"url\":\"https:\\\/\\\/retrorallye.de\\\/?page_id=887\",\"name\":\"Ergebnisse\\\/Termine 2020 - Retro-Rallye\",\"isPartOf\":{\"@id\":\"https:\\\/\\\/retrorallye.de\\\/#website\"},\"datePublished\":\"2020-10-29T16:53:33+00:00\",\"dateModified\":\"2024-11-16T11:27:00+00:00\",\"description\":\"Retro-Rallyes werden mit mindestens 20 Jahren alten Fahrzeugen auf Sollzeit gefahren. Durch die geringen Kosten ein perfekter Einstieg in den Motorsport.\",\"breadcrumb\":{\"@id\":\"https:\\\/\\\/retrorallye.de\\\/?page_id=887#breadcrumb\"},\"inLanguage\":\"de\",\"potentialAction\":[{\"@type\":\"ReadAction\",\"target\":[\"https:\\\/\\\/retrorallye.de\\\/?page_id=887\"]}]},{\"@type\":\"BreadcrumbList\",\"@id\":\"https:\\\/\\\/retrorallye.de\\\/?page_id=887#breadcrumb\",\"itemListElement\":[{\"@type\":\"ListItem\",\"position\":1,\"name\":\"Startseite\",\"item\":\"https:\\\/\\\/retrorallye.de\\\/\"},{\"@type\":\"ListItem\",\"position\":2,\"name\":\"Termine 2025\",\"item\":\"https:\\\/\\\/retrorallye.de\\\/?page_id=136\"},{\"@type\":\"ListItem\",\"position\":3,\"name\":\"Ergebnisse\\\/Termine 2020\"}]},{\"@type\":\"WebSite\",\"@id\":\"https:\\\/\\\/retrorallye.de\\\/#website\",\"url\":\"https:\\\/\\\/retrorallye.de\\\/\",\"name\":\"Retro-Rallye\",\"description\":\"Der Einstieg in den Motorsport\",\"publisher\":{\"@id\":\"https:\\\/\\\/retrorallye.de\\\/#\\\/schema\\\/person\\\/512d86710bd0792a48b37215fe6fdb1b\"},\"potentialAction\":[{\"@type\":\"SearchAction\",\"target\":{\"@type\":\"EntryPoint\",\"urlTemplate\":\"https:\\\/\\\/retrorallye.de\\\/?s={search_term_string}\"},\"query-input\":{\"@type\":\"PropertyValueSpecification\",\"valueRequired\":true,\"valueName\":\"search_term_string\"}}],\"inLanguage\":\"de\"},{\"@type\":[\"Person\",\"Organization\"],\"@id\":\"https:\\\/\\\/retrorallye.de\\\/#\\\/schema\\\/person\\\/512d86710bd0792a48b37215fe6fdb1b\",\"name\":\"RWe\",\"image\":{\"@type\":\"ImageObject\",\"inLanguage\":\"de\",\"@id\":\"https:\\\/\\\/secure.gravatar.com\\\/avatar\\\/07dbf91b971b12a1c3042e2d96a1fc08ffc091127f38586879de72ec43396623?s=96&d=mm&r=g\",\"url\":\"https:\\\/\\\/secure.gravatar.com\\\/avatar\\\/07dbf91b971b12a1c3042e2d96a1fc08ffc091127f38586879de72ec43396623?s=96&d=mm&r=g\",\"contentUrl\":\"https:\\\/\\\/secure.gravatar.com\\\/avatar\\\/07dbf91b971b12a1c3042e2d96a1fc08ffc091127f38586879de72ec43396623?s=96&d=mm&r=g\",\"caption\":\"RWe\"},\"logo\":{\"@id\":\"https:\\\/\\\/secure.gravatar.com\\\/avatar\\\/07dbf91b971b12a1c3042e2d96a1fc08ffc091127f38586879de72ec43396623?s=96&d=mm&r=g\"}}]}<\/script>\n<!-- \/ Yoast SEO plugin. -->","yoast_head_json":{"title":"Ergebnisse\/Termine 2020 - Retro-Rallye","description":"Retro-Rallyes werden mit mindestens 20 Jahren alten Fahrzeugen auf Sollzeit gefahren. Durch die geringen Kosten ein perfekter Einstieg in den Motorsport.","robots":{"index":"index","follow":"follow","max-snippet":"max-snippet:-1","max-image-preview":"max-image-preview:large","max-video-preview":"max-video-preview:-1"},"canonical":"https:\/\/retrorallye.de\/?page_id=887","og_locale":"de_DE","og_type":"article","og_title":"Ergebnisse\/Termine 2020 - Retro-Rallye","og_description":"Retro-Rallyes werden mit mindestens 20 Jahren alten Fahrzeugen auf Sollzeit gefahren. Durch die geringen Kosten ein perfekter Einstieg in den Motorsport.","og_url":"https:\/\/retrorallye.de\/?page_id=887","og_site_name":"Retro-Rallye","article_modified_time":"2024-11-16T11:27:00+00:00","twitter_card":"summary_large_image","twitter_misc":{"Gesch\u00e4tzte Lesezeit":"3\u00a0Minuten"},"schema":{"@context":"https:\/\/schema.org","@graph":[{"@type":"WebPage","@id":"https:\/\/retrorallye.de\/?page_id=887","url":"https:\/\/retrorallye.de\/?page_id=887","name":"Ergebnisse\/Termine 2020 - Retro-Rallye","isPartOf":{"@id":"https:\/\/retrorallye.de\/#website"},"datePublished":"2020-10-29T16:53:33+00:00","dateModified":"2024-11-16T11:27:00+00:00","description":"Retro-Rallyes werden mit mindestens 20 Jahren alten Fahrzeugen auf Sollzeit gefahren. Durch die geringen Kosten ein perfekter Einstieg in den Motorsport.","breadcrumb":{"@id":"https:\/\/retrorallye.de\/?page_id=887#breadcrumb"},"inLanguage":"de","potentialAction":[{"@type":"ReadAction","target":["https:\/\/retrorallye.de\/?page_id=887"]}]},{"@type":"BreadcrumbList","@id":"https:\/\/retrorallye.de\/?page_id=887#breadcrumb","itemListElement":[{"@type":"ListItem","position":1,"name":"Startseite","item":"https:\/\/retrorallye.de\/"},{"@type":"ListItem","position":2,"name":"Termine 2025","item":"https:\/\/retrorallye.de\/?page_id=136"},{"@type":"ListItem","position":3,"name":"Ergebnisse\/Termine 2020"}]},{"@type":"WebSite","@id":"https:\/\/retrorallye.de\/#website","url":"https:\/\/retrorallye.de\/","name":"Retro-Rallye","description":"Der Einstieg in den Motorsport","publisher":{"@id":"https:\/\/retrorallye.de\/#\/schema\/person\/512d86710bd0792a48b37215fe6fdb1b"},"potentialAction":[{"@type":"SearchAction","target":{"@type":"EntryPoint","urlTemplate":"https:\/\/retrorallye.de\/?s={search_term_string}"},"query-input":{"@type":"PropertyValueSpecification","valueRequired":true,"valueName":"search_term_string"}}],"inLanguage":"de"},{"@type":["Person","Organization"],"@id":"https:\/\/retrorallye.de\/#\/schema\/person\/512d86710bd0792a48b37215fe6fdb1b","name":"RWe","image":{"@type":"ImageObject","inLanguage":"de","@id":"https:\/\/secure.gravatar.com\/avatar\/07dbf91b971b12a1c3042e2d96a1fc08ffc091127f38586879de72ec43396623?s=96&d=mm&r=g","url":"https:\/\/secure.gravatar.com\/avatar\/07dbf91b971b12a1c3042e2d96a1fc08ffc091127f38586879de72ec43396623?s=96&d=mm&r=g","contentUrl":"https:\/\/secure.gravatar.com\/avatar\/07dbf91b971b12a1c3042e2d96a1fc08ffc091127f38586879de72ec43396623?s=96&d=mm&r=g","caption":"RWe"},"logo":{"@id":"https:\/\/secure.gravatar.com\/avatar\/07dbf91b971b12a1c3042e2d96a1fc08ffc091127f38586879de72ec43396623?s=96&d=mm&r=g"}}]}},"_links":{"self":[{"href":"https:\/\/retrorallye.de\/index.php?rest_route=\/wp\/v2\/pages\/887","targetHints":{"allow":["GET"]}}],"collection":[{"href":"https:\/\/retrorallye.de\/index.php?rest_route=\/wp\/v2\/pages"}],"about":[{"href":"https:\/\/retrorallye.de\/index.php?rest_route=\/wp\/v2\/types\/page"}],"author":[{"embeddable":true,"href":"https:\/\/retrorallye.de\/index.php?rest_route=\/wp\/v2\/users\/1"}],"replies":[{"embeddable":true,"href":"https:\/\/retrorallye.de\/index.php?rest_route=%2Fwp%2Fv2%2Fcomments&post=887"}],"version-history":[{"count":3,"href":"https:\/\/retrorallye.de\/index.php?rest_route=\/wp\/v2\/pages\/887\/revisions"}],"predecessor-version":[{"id":2542,"href":"https:\/\/retrorallye.de\/index.php?rest_route=\/wp\/v2\/pages\/887\/revisions\/2542"}],"up":[{"embeddable":true,"href":"https:\/\/retrorallye.de\/index.php?rest_route=\/wp\/v2\/pages\/136"}],"wp:attachment":[{"href":"https:\/\/retrorallye.de\/index.php?rest_route=%2Fwp%2Fv2%2Fmedia&parent=887"}],"curies":[{"name":"wp","href":"https:\/\/api.w.org\/{rel}","templated":true}]}}