{"id":2872,"date":"2025-10-29T09:28:27","date_gmt":"2025-10-29T09:28:27","guid":{"rendered":"https:\/\/retrorallye.de\/?page_id=2872"},"modified":"2026-03-25T09:36:07","modified_gmt":"2026-03-25T09:36:07","slug":"termine-2026","status":"publish","type":"page","link":"https:\/\/retrorallye.de\/?page_id=2872","title":{"rendered":"<font color=red>Termine 2026<\/font>"},"content":{"rendered":"<div class=\"x11i5rnm xat24cr x1mh8g0r x1vvkbs xtlvy1s x126k92a\">\n<div dir=\"auto\">&nbsp;<\/div>\n<\/div>\n<div dir=\"auto\">\n<div class=\"x11i5rnm xat24cr x1mh8g0r x1vvkbs xtlvy1s x126k92a\">\n<div dir=\"auto\"><span style=\"color: #008000;\"><strong>RRS S\u00fcd <\/strong><\/span>= Retro Rallye Serie S\u00fcd<br \/>\n<strong><span style=\"color: #ff0000;\">RRS Nord<\/span><\/strong> = Retro Rallye Serie Nord<br \/>\n<strong><span style=\"color: #ff00ff;\">RRC<\/span><\/strong> = Retro Rallye Cup<br \/>\n<span style=\"color: #0000ff;\"><strong>AHRC<\/strong><\/span> = ADMV Histo Rallye Cup<br \/>\n<span style=\"color: #800080;\"><strong>RSC<\/strong><\/span> = Rallye-Supercup<\/div>\n<\/div>\n<\/div>\n<p>&nbsp;<\/p>\n<div dir=\"auto\">Alle Termine sind noch nicht best\u00e4tigt. Falls Fehler enthalten sind, bitte direkt an uns weitergeben, damit wir diese korrigieren k\u00f6nnen.<\/div>\n<div dir=\"auto\">\n<p>&nbsp;<\/p>\n<div class=\"x11i5rnm xat24cr x1mh8g0r x1vvkbs xtlvy1s x126k92a\">\n<div dir=\"auto\"><span style=\"color: #000000;\"><strong>Februar<\/strong><\/span><\/div>\n<div dir=\"auto\"><span style=\"color: #000000;\"><strong>20-21.02.26 <\/strong>Welfen-Winter Retrorallye Oschersleben &#8211; 3 x Rallye 70 (Lauf 2 + 3 <strong><span style=\"color: #ff0000;\">RRS Nord <\/span><\/strong><\/span><span style=\"color: #ff00ff;\"><strong>RRC<\/strong><\/span><span style=\"color: #000000;\">)<\/span><\/div>\n<div dir=\"auto\"><a href=\"https:\/\/retrorallye.de\/wp-content\/uploads\/2026\/02\/Os_26_1.pdf\" target=\"_blank\" rel=\"noopener\">Lauf 1&gt;&gt;<\/a><br \/>\n<a href=\"https:\/\/retrorallye.de\/wp-content\/uploads\/2026\/02\/os_26_2.pdf\" target=\"_blank\" rel=\"noopener\">Lauf 2&gt;&gt;<\/a><br \/>\n<a href=\"https:\/\/retrorallye.de\/wp-content\/uploads\/2026\/02\/os_26_3.pdf\" target=\"_blank\" rel=\"noopener\">Lauf 3&gt;&gt;<\/a><br \/>\n<a href=\"https:\/\/retrorallye.de\/wp-content\/uploads\/2026\/02\/os_26_tr.pdf\" target=\"_blank\" rel=\"noopener\">Triple&gt;&gt;<\/a><\/div>\n<\/div>\n<\/div>\n<div dir=\"auto\"><span style=\"color: #000000;\"><strong>28.02.26<\/strong> 21. Rallye S\u00fcdliche Weinstrasse Histo &#8211; Rallye 35 &#8211; <\/span><span style=\"color: #008000;\"><strong>RRS S\u00fcd*<br \/>\n<\/strong><a href=\"https:\/\/retrorallye.de\/wp-content\/uploads\/2026\/03\/suew_26.pdf\" target=\"_blank\" rel=\"noopener\">Ergebnis &gt;&gt;<\/a><\/span><\/div>\n<div dir=\"auto\">\n<div class=\"x11i5rnm xat24cr x1mh8g0r x1vvkbs xtlvy1s x126k92a\">\n<div dir=\"auto\"><span style=\"color: #000000;\"><strong><br \/>\n<\/strong><\/span><span style=\"color: #000000;\"><strong>M\u00e4rz<\/strong><\/span><\/div>\n<div dir=\"auto\"><span style=\"color: #000000;\"><strong>07.03.26 <\/strong>ADMV-Rallye Lutherstadt Wittenberg &#8211; Rallye 70 &#8211; <span style=\"color: #0000ff;\"><strong>AHRC<br \/>\n<\/strong><a href=\"https:\/\/www.tw-sportsoft.de\/ADMV_Rallye_Lutherstadt_Wittenberg_2026_839510\/TW_ON_Live_Sollzeit_Ergebnisse.php?AUSWAHL_WERTUNGSGRUPPEN_ID=21&amp;&amp;herkunft=online\" target=\"_blank\" rel=\"noopener\">Ergebnis &gt;&gt;<\/a><\/span><\/span><\/div>\n<\/div>\n<\/div>\n<div dir=\"auto\"><span style=\"color: #000000;\"><strong>07.03.26<\/strong> Unterland Hohenlohe Wertungsfahrt &#8211; Rallye 35 &#8211; <\/span><span style=\"color: #008000;\"><strong>RRS S\u00fcd<br \/>\n<\/strong><a href=\"https:\/\/www.zatw.info\/2026\/RallyeHohenloheHisto\/rallye_gesamt.html\">Ergebnis &gt;&gt;<\/a><\/span><\/div>\n<div dir=\"auto\">\n<div class=\"x11i5rnm xat24cr x1mh8g0r x1vvkbs xtlvy1s x126k92a\">\n<div dir=\"auto\"><span style=\"color: #000000;\"><strong>14.03.26<\/strong> 7. rthb Retro-Rallye Hessisches Bergland &#8211; Rallye 70 &#8211; <strong><span style=\"color: #ff0000;\">RRS Nord <\/span><\/strong><strong><span style=\"color: #ff0000;\"><span style=\"color: #ff00ff;\">RRC<\/span><\/span><\/strong><\/span><br \/>\n<span style=\"color: #000000;\"><strong>21.03.26<\/strong> 10. ADAC-Retro Rallye Buten un Binnen &#8211; Rallye 70 &#8211; <span style=\"color: #ff0000;\"><strong>RRS Nord <span style=\"color: #ff00ff;\">RRC<br \/>\n<\/span><\/strong><a href=\"https:\/\/www.adac-sport.com\/10_ADAC_Retro_Rallye_Buten_un_Binnen_1913\/docs\/18_52_Endergebnis.pdf\" target=\"_blank\" rel=\"noopener\"><span style=\"color: #33cccc;\">Ergebnis &gt;&gt;<\/span><\/a><\/span><\/span><\/div>\n<\/div>\n<div dir=\"auto\"><span style=\"color: #000000;\"><strong>21.03.26<\/strong> 12. UMC-DMV Historic-Rallye Ulm &#8211; Rallye 35 &#8211;<\/span> <span style=\"color: #008000;\"><strong>RRS S\u00fcd*<br \/>\n<\/strong><a href=\"https:\/\/www.umc-ulm.de\/gesamt1_x1x.pdf\" target=\"_blank\" rel=\"noopener\">Ergebnis &gt;&gt;<\/a><\/span><\/div>\n<div class=\"x11i5rnm xat24cr x1mh8g0r x1vvkbs xtlvy1s x126k92a\">\n<div dir=\"auto\"><span style=\"color: #000000;\"><span style=\"color: #ff0000;\"><strong><span style=\"color: #ff00ff;\"><br \/>\n<\/span><\/strong><\/span><\/span><span style=\"color: #000000;\"><strong>April<\/strong><\/span><\/div>\n<div dir=\"auto\">\n<div dir=\"auto\"><span style=\"color: #000000;\"><strong>11.04.26<\/strong> 15. ADAC Storman Retro-Rallye &#8211; Rallye 35 &#8211; <strong><span style=\"color: #ff0000;\">RRS Nord<br \/>\n<\/span><\/strong><span style=\"color: #ff0000;\"><a href=\"https:\/\/msc-trittau.de\/nennung-stormarn-retro-2026-98541%C2%A7\/\" target=\"_blank\" rel=\"noopener\">Zur Nennung &gt;&gt;<\/a><\/span><\/span><\/div>\n<div dir=\"auto\"><span style=\"color: #000000;\"><strong>18.04.26<\/strong> 10. ADAC Roland-Gleichm\u00e4\u00dfigkeitspr\u00fcfung &#8211; Rallye 70 &#8211; <span style=\"color: #0000ff;\"><strong>AHRC <span style=\"color: #ff00ff;\">RRC<br \/>\n<\/span><\/strong><span style=\"color: #ff00ff;\"><a href=\"https:\/\/www.tw-sportsoft.de\/ADAC_Roland_Rallye_2026_130169\/TW_ON_Nennung.php\" target=\"_blank\" rel=\"noopener\">Zur Nennung &gt;&gt;<\/a><\/span><\/span><\/span><\/div>\n<\/div>\n<\/div>\n<div class=\"x11i5rnm xat24cr x1mh8g0r x1vvkbs xtlvy1s x126k92a\">\n<div dir=\"auto\">\n<div dir=\"auto\"><span style=\"color: #000000;\"><strong>18.04.26<\/strong> 15. KW Ostalb Retro Rallye &#8211; Rallye 70 &#8211;<\/span> <span style=\"color: #008000;\"><strong>RRS S\u00fcd<br \/>\n<\/strong><a href=\"https:\/\/www.adac-sport.com\/KW_Ostalbrallye_2026_403\/TW_ON_Nennung.php\" target=\"_blank\" rel=\"noopener\">Zur Nennung &gt;&gt;<\/a><\/span><\/div>\n<div dir=\"auto\">\n<div dir=\"auto\"><span style=\"color: #000000;\"><strong>25.04.26<\/strong> 12. ADAC DMI Retro Rallye Fr\u00e4nkisches Weinland &#8211; Rallye 35 &#8211; <\/span><span style=\"color: #008000;\"><strong>RRS S\u00fcd<br \/>\n<\/strong><a href=\"https:\/\/www.tw-sportsoft.de\/ADAC_Protrack_Rallye_fraenkisches_Weinla_591130\/TW_ON_Nennung.php\" target=\"_blank\" rel=\"noopener\">Zur Nennung &gt;&gt;<\/a><\/span><\/div>\n<div dir=\"auto\">&nbsp;<\/div>\n<\/div>\n<\/div>\n<div dir=\"auto\"><span style=\"color: #000000;\"><strong>Mai<br \/>\n<\/strong><\/span><\/div>\n<div dir=\"auto\">\n<div dir=\"auto\"><span style=\"color: #000000;\"><strong>02.05.26<\/strong> Birkenfelder L\u00f6wenrallye &#8211; Rallye 70 &#8211; <strong>abgesagt<\/strong><\/span><\/div>\n<\/div>\n<\/div>\n<\/div>\n<div dir=\"auto\"><span style=\"color: #000000;\"><strong>02.05.26<\/strong> Rallye Coburger Land &#8211; <\/span><span style=\"color: #800080;\"><strong>RSC<\/strong><\/span><\/div>\n<div dir=\"auto\"><span style=\"color: #000000;\"><strong>09.05.26<\/strong> RSG Fontane-Rallye Neuruppin &#8211; Rallye 35 &#8211; <span style=\"color: #0000ff;\"><strong>AHRC<\/strong><\/span><\/span><\/div>\n<div dir=\"auto\">\n<div class=\"x11i5rnm xat24cr x1mh8g0r x1vvkbs xtlvy1s x126k92a\">\n<div dir=\"auto\">\n<div dir=\"auto\">&nbsp;<\/div>\n<\/div>\n<div dir=\"auto\">\n<div dir=\"auto\"><span style=\"color: #000000;\"><strong>Juni<\/strong><\/span><\/div>\n<div dir=\"auto\"><span style=\"color: #ff0000;\"><span style=\"color: #000000;\"><strong>06.06.26<\/strong> 2. ADAC Vissel-Classic-Rallye &#8211; Rallye 70 &#8211; <\/span><strong>RRS Nord<\/strong><\/span><\/div>\n<div dir=\"auto\"><span style=\"color: #000000;\"><strong>20.06.26<\/strong> ADMV-Osterburg-Rallye &#8211; <span style=\"color: #0000ff;\"><strong>AHRC<\/strong><\/span><\/span><\/div>\n<div dir=\"auto\"><span style=\"color: #000000;\"><strong>27.06.26<\/strong> 2. ADAC RSC-3 rthb Retro Rallye Sprint &#8211; <span style=\"color: #ff00ff;\"><strong>RRC<\/strong><\/span><\/span><\/div>\n<div dir=\"auto\"><strong><br \/>\n<\/strong><span style=\"color: #000000;\"><strong>Juli<\/strong><\/span><\/div>\n<div dir=\"auto\"><span style=\"color: #000000;\"><strong>05.07.26<\/strong> 28. ADAC Bremerhaven Retro-Rallye &#8211; Rallyesprint vormittags &#8211; <\/span><strong><span style=\"color: #ff0000;\">RRS Nord<\/span><span style=\"color: #ff00ff;\"> RRC<\/span><br \/>\n<\/strong><span style=\"color: #000000;\"><strong>05.07.26 <\/strong>27. ADAC Fischereihafen Retro-Rallye &#8211; Rallyesprint nachmittags &#8211; <\/span><strong><span style=\"color: #ff0000;\">RRS Nord<\/span><span style=\"color: #ff00ff;\"> RRC<\/span><\/strong><\/div>\n<div dir=\"auto\"><span style=\"color: #000000;\"><strong>04.07.26<\/strong> Grabfeldrallye &#8211; <\/span><span style=\"color: #800080;\"><strong><span style=\"color: #800080;\">RSC<\/span><br \/>\n<span style=\"color: #000000;\">18.07.26<\/span><\/strong><span style=\"color: #000000;\"> 15. ADAC GLP W\u00e4chtersbach &#8211; Rallye 35 &#8211;<\/span> <span style=\"color: #ff00ff;\"><strong>RRC<\/strong><\/span><\/span><\/div>\n<div dir=\"auto\"><strong><br \/>\nAugust<br \/>\n<\/strong><span style=\"color: #000000;\"><strong>01.08.26 <\/strong>27. ADAC Holsten Retro-Rallye &#8211; Rallye 70 &#8211; <\/span><strong><span style=\"color: #ff0000;\">RRS Nord<\/span><br \/>\n<span style=\"color: #000000;\">29.08.26 <\/span><\/strong><span style=\"color: #000000;\">ADMV-Rallye Kurstadt Bad Schmiedeberg &#8211; Rallye 70 &#8211; <\/span><span style=\"color: #0000ff;\"><span style=\"color: #0000ff;\"><span style=\"color: #0000ff;\"><span style=\"color: #0000ff;\"><strong>AHRC<\/strong><\/span><\/span><\/span><\/span>&nbsp;<\/div>\n<div dir=\"auto\">&nbsp;<\/div>\n<div dir=\"auto\"><strong><span style=\"color: #000000;\">September<br \/>\n<\/span><\/strong><span style=\"color: #000000;\"><strong>05.09.26<\/strong> 43. ADAC Gerhard-Mitter-Ged\u00e4chtnisrallye Calw &#8211; Rallye 35 &#8211; <\/span><span style=\"color: #008000;\"><strong>RRS S\u00fcd<br \/>\n<\/strong><\/span><span style=\"color: #008000;\"><strong><span style=\"color: #000000;\">05.09.26 <\/span><\/strong><span style=\"color: #000000;\">5. ADAC Ladermanufactur Retro-Rallye Ostwestfalen &#8211; Rallye 70 &#8211; <\/span><strong><span style=\"color: #ff0000;\">RRS Nord <span style=\"color: #ff00ff;\">RRC<\/span><br \/>\n<\/span><\/strong><\/span><span style=\"color: #000000;\"><strong>12.09.26<\/strong> 6. Laichinger Alb Historic &#8211; Rallye 35 &#8211; <span style=\"color: #008000;\"><strong>RRS S\u00fcd*<br \/>\n<\/strong><\/span><\/span><span style=\"color: #000000;\"><strong>12.09.26<\/strong> ADMV-Rallye Gr\u00fcnhain &#8211; Rallye 35 &#8211; <span style=\"color: #0000ff;\"><strong>AHRC<br \/>\n<\/strong><\/span><\/span><span style=\"color: #000000;\"><span style=\"color: #0000ff;\"><strong><span style=\"color: #000000;\">12.09.26<\/span><\/strong><span style=\"color: #000000;\"> Ostsee-Rallye Sprint &#8211; Rallye 35 &#8211; <\/span><span style=\"color: #ff0000;\"><strong>RRS Nord<br \/>\n<\/strong><\/span><\/span><\/span><span style=\"color: #000000;\"><strong>19.09.26 <\/strong>19. ADAC Historic Rallye Kohle &amp; Stahl &#8211; Rallye 70 &#8211; <span style=\"color: #008000;\"><strong>RRS S\u00fcd<\/strong><\/span><br \/>\n<\/span><span style=\"color: #000000;\"><span style=\"color: #000000;\"><strong>26.09.26<\/strong> Rallye Wilde Taube &#8211; <span style=\"color: #800080;\"><strong>RSC<\/strong><\/span><\/span><\/span><\/div>\n<div dir=\"auto\">&nbsp;<\/div>\n<div dir=\"auto\"><span style=\"color: #000000;\"><strong>Oktober<br \/>\n<\/strong><\/span><span style=\"color: #000000;\"><strong>03.10.26 <\/strong>17. ADAC Retro Rallye Bad Emstal &#8211; Rallye 70 &#8211; <strong><span style=\"color: #ff0000;\">RRS Nord <\/span><span style=\"color: #ff00ff;\">RRC<br \/>\n<\/span><\/strong><\/span><span style=\"color: #000000;\"><strong><span style=\"color: #ff00ff;\"><span style=\"color: #000000;\">03.10.26 <\/span><\/span><\/strong><span style=\"color: #ff00ff;\"><span style=\"color: #000000;\">4. Nibelungen Rallye Sprint &#8211; <\/span><\/span><strong><span style=\"color: #ff00ff;\">RRC<br \/>\n<\/span><\/strong><\/span><span style=\"color: #000000;\"><strong><span style=\"color: #ff00ff;\"><span style=\"color: #000000;\">24.10.26 <\/span><\/span><\/strong><span style=\"color: #ff00ff;\"><span style=\"color: #000000;\">5. ADAC Retro-Rallye-Sprint Schl\u00fcchtern &#8211;<\/span><\/span> <strong><span style=\"color: #ff00ff;\">RRC<\/span><\/strong><\/span><\/div>\n<\/div>\n<div dir=\"auto\">\n<div dir=\"auto\">\n<div dir=\"auto\">\n<p><span style=\"color: #000000;\"><strong>November<\/strong><strong><br \/>\n21.11.26 <\/strong>Ried-Rallyesprint &#8211; Rallyesprint<\/span><\/p>\n<p><span style=\"color: #339966;\"><strong>*<\/strong><\/span> Best of Retro &#8211; Sonderwertung<\/p>\n<\/div>\n<div dir=\"auto\">&nbsp;<\/div>\n<\/div>\n<\/div>\n<\/div>\n<\/div>\n","protected":false},"excerpt":{"rendered":"<p>&nbsp; RRS S\u00fcd = Retro Rallye Serie S\u00fcd RRS Nord = Retro Rallye Serie Nord RRC = Retro Rallye Cup<\/p>\n","protected":false},"author":3,"featured_media":0,"parent":0,"menu_order":0,"comment_status":"closed","ping_status":"closed","template":"","meta":{"ngg_post_thumbnail":0,"_mc_calendar":[],"footnotes":""},"class_list":["post-2872","page","type-page","status-publish","hentry"],"yoast_head":"<!-- This site is optimized with the Yoast SEO plugin v27.3 - https:\/\/yoast.com\/product\/yoast-seo-wordpress\/ -->\n<title>Termine 2026 - Retro-Rallye<\/title>\n<meta name=\"description\" content=\"Retro-Rallyes werden mit mindestens 20 Jahren alten Fahrzeugen auf Sollzeit gefahren. Durch die geringen Kosten ein perfekter Einstieg in den Motorsport.\" \/>\n<meta name=\"robots\" content=\"index, follow, max-snippet:-1, max-image-preview:large, max-video-preview:-1\" \/>\n<link rel=\"canonical\" href=\"https:\/\/retrorallye.de\/?page_id=2872\" \/>\n<meta property=\"og:locale\" content=\"de_DE\" \/>\n<meta property=\"og:type\" content=\"article\" \/>\n<meta property=\"og:title\" content=\"Termine 2026 - Retro-Rallye\" \/>\n<meta property=\"og:description\" content=\"Retro-Rallyes werden mit mindestens 20 Jahren alten Fahrzeugen auf Sollzeit gefahren. Durch die geringen Kosten ein perfekter Einstieg in den Motorsport.\" \/>\n<meta property=\"og:url\" content=\"https:\/\/retrorallye.de\/?page_id=2872\" \/>\n<meta property=\"og:site_name\" content=\"Retro-Rallye\" \/>\n<meta property=\"article:modified_time\" content=\"2026-03-25T09:36:07+00:00\" \/>\n<meta name=\"twitter:card\" content=\"summary_large_image\" \/>\n<meta name=\"twitter:label1\" content=\"Gesch\u00e4tzte Lesezeit\" \/>\n\t<meta name=\"twitter:data1\" content=\"3\u00a0Minuten\" \/>\n<script type=\"application\/ld+json\" class=\"yoast-schema-graph\">{\"@context\":\"https:\\\/\\\/schema.org\",\"@graph\":[{\"@type\":\"WebPage\",\"@id\":\"https:\\\/\\\/retrorallye.de\\\/?page_id=2872\",\"url\":\"https:\\\/\\\/retrorallye.de\\\/?page_id=2872\",\"name\":\"Termine 2026 - Retro-Rallye\",\"isPartOf\":{\"@id\":\"https:\\\/\\\/retrorallye.de\\\/#website\"},\"datePublished\":\"2025-10-29T09:28:27+00:00\",\"dateModified\":\"2026-03-25T09:36:07+00:00\",\"description\":\"Retro-Rallyes werden mit mindestens 20 Jahren alten Fahrzeugen auf Sollzeit gefahren. Durch die geringen Kosten ein perfekter Einstieg in den Motorsport.\",\"breadcrumb\":{\"@id\":\"https:\\\/\\\/retrorallye.de\\\/?page_id=2872#breadcrumb\"},\"inLanguage\":\"de\",\"potentialAction\":[{\"@type\":\"ReadAction\",\"target\":[\"https:\\\/\\\/retrorallye.de\\\/?page_id=2872\"]}]},{\"@type\":\"BreadcrumbList\",\"@id\":\"https:\\\/\\\/retrorallye.de\\\/?page_id=2872#breadcrumb\",\"itemListElement\":[{\"@type\":\"ListItem\",\"position\":1,\"name\":\"Startseite\",\"item\":\"https:\\\/\\\/retrorallye.de\\\/\"},{\"@type\":\"ListItem\",\"position\":2,\"name\":\"Termine 2026\"}]},{\"@type\":\"WebSite\",\"@id\":\"https:\\\/\\\/retrorallye.de\\\/#website\",\"url\":\"https:\\\/\\\/retrorallye.de\\\/\",\"name\":\"Retro-Rallye\",\"description\":\"Der Einstieg in den Motorsport\",\"publisher\":{\"@id\":\"https:\\\/\\\/retrorallye.de\\\/#\\\/schema\\\/person\\\/512d86710bd0792a48b37215fe6fdb1b\"},\"potentialAction\":[{\"@type\":\"SearchAction\",\"target\":{\"@type\":\"EntryPoint\",\"urlTemplate\":\"https:\\\/\\\/retrorallye.de\\\/?s={search_term_string}\"},\"query-input\":{\"@type\":\"PropertyValueSpecification\",\"valueRequired\":true,\"valueName\":\"search_term_string\"}}],\"inLanguage\":\"de\"},{\"@type\":[\"Person\",\"Organization\"],\"@id\":\"https:\\\/\\\/retrorallye.de\\\/#\\\/schema\\\/person\\\/512d86710bd0792a48b37215fe6fdb1b\",\"name\":\"RWe\",\"image\":{\"@type\":\"ImageObject\",\"inLanguage\":\"de\",\"@id\":\"https:\\\/\\\/secure.gravatar.com\\\/avatar\\\/07dbf91b971b12a1c3042e2d96a1fc08ffc091127f38586879de72ec43396623?s=96&d=mm&r=g\",\"url\":\"https:\\\/\\\/secure.gravatar.com\\\/avatar\\\/07dbf91b971b12a1c3042e2d96a1fc08ffc091127f38586879de72ec43396623?s=96&d=mm&r=g\",\"contentUrl\":\"https:\\\/\\\/secure.gravatar.com\\\/avatar\\\/07dbf91b971b12a1c3042e2d96a1fc08ffc091127f38586879de72ec43396623?s=96&d=mm&r=g\",\"caption\":\"RWe\"},\"logo\":{\"@id\":\"https:\\\/\\\/secure.gravatar.com\\\/avatar\\\/07dbf91b971b12a1c3042e2d96a1fc08ffc091127f38586879de72ec43396623?s=96&d=mm&r=g\"}}]}<\/script>\n<!-- \/ Yoast SEO plugin. -->","yoast_head_json":{"title":"Termine 2026 - Retro-Rallye","description":"Retro-Rallyes werden mit mindestens 20 Jahren alten Fahrzeugen auf Sollzeit gefahren. Durch die geringen Kosten ein perfekter Einstieg in den Motorsport.","robots":{"index":"index","follow":"follow","max-snippet":"max-snippet:-1","max-image-preview":"max-image-preview:large","max-video-preview":"max-video-preview:-1"},"canonical":"https:\/\/retrorallye.de\/?page_id=2872","og_locale":"de_DE","og_type":"article","og_title":"Termine 2026 - Retro-Rallye","og_description":"Retro-Rallyes werden mit mindestens 20 Jahren alten Fahrzeugen auf Sollzeit gefahren. Durch die geringen Kosten ein perfekter Einstieg in den Motorsport.","og_url":"https:\/\/retrorallye.de\/?page_id=2872","og_site_name":"Retro-Rallye","article_modified_time":"2026-03-25T09:36:07+00:00","twitter_card":"summary_large_image","twitter_misc":{"Gesch\u00e4tzte Lesezeit":"3\u00a0Minuten"},"schema":{"@context":"https:\/\/schema.org","@graph":[{"@type":"WebPage","@id":"https:\/\/retrorallye.de\/?page_id=2872","url":"https:\/\/retrorallye.de\/?page_id=2872","name":"Termine 2026 - Retro-Rallye","isPartOf":{"@id":"https:\/\/retrorallye.de\/#website"},"datePublished":"2025-10-29T09:28:27+00:00","dateModified":"2026-03-25T09:36:07+00:00","description":"Retro-Rallyes werden mit mindestens 20 Jahren alten Fahrzeugen auf Sollzeit gefahren. Durch die geringen Kosten ein perfekter Einstieg in den Motorsport.","breadcrumb":{"@id":"https:\/\/retrorallye.de\/?page_id=2872#breadcrumb"},"inLanguage":"de","potentialAction":[{"@type":"ReadAction","target":["https:\/\/retrorallye.de\/?page_id=2872"]}]},{"@type":"BreadcrumbList","@id":"https:\/\/retrorallye.de\/?page_id=2872#breadcrumb","itemListElement":[{"@type":"ListItem","position":1,"name":"Startseite","item":"https:\/\/retrorallye.de\/"},{"@type":"ListItem","position":2,"name":"Termine 2026"}]},{"@type":"WebSite","@id":"https:\/\/retrorallye.de\/#website","url":"https:\/\/retrorallye.de\/","name":"Retro-Rallye","description":"Der Einstieg in den Motorsport","publisher":{"@id":"https:\/\/retrorallye.de\/#\/schema\/person\/512d86710bd0792a48b37215fe6fdb1b"},"potentialAction":[{"@type":"SearchAction","target":{"@type":"EntryPoint","urlTemplate":"https:\/\/retrorallye.de\/?s={search_term_string}"},"query-input":{"@type":"PropertyValueSpecification","valueRequired":true,"valueName":"search_term_string"}}],"inLanguage":"de"},{"@type":["Person","Organization"],"@id":"https:\/\/retrorallye.de\/#\/schema\/person\/512d86710bd0792a48b37215fe6fdb1b","name":"RWe","image":{"@type":"ImageObject","inLanguage":"de","@id":"https:\/\/secure.gravatar.com\/avatar\/07dbf91b971b12a1c3042e2d96a1fc08ffc091127f38586879de72ec43396623?s=96&d=mm&r=g","url":"https:\/\/secure.gravatar.com\/avatar\/07dbf91b971b12a1c3042e2d96a1fc08ffc091127f38586879de72ec43396623?s=96&d=mm&r=g","contentUrl":"https:\/\/secure.gravatar.com\/avatar\/07dbf91b971b12a1c3042e2d96a1fc08ffc091127f38586879de72ec43396623?s=96&d=mm&r=g","caption":"RWe"},"logo":{"@id":"https:\/\/secure.gravatar.com\/avatar\/07dbf91b971b12a1c3042e2d96a1fc08ffc091127f38586879de72ec43396623?s=96&d=mm&r=g"}}]}},"_links":{"self":[{"href":"https:\/\/retrorallye.de\/index.php?rest_route=\/wp\/v2\/pages\/2872","targetHints":{"allow":["GET"]}}],"collection":[{"href":"https:\/\/retrorallye.de\/index.php?rest_route=\/wp\/v2\/pages"}],"about":[{"href":"https:\/\/retrorallye.de\/index.php?rest_route=\/wp\/v2\/types\/page"}],"author":[{"embeddable":true,"href":"https:\/\/retrorallye.de\/index.php?rest_route=\/wp\/v2\/users\/3"}],"replies":[{"embeddable":true,"href":"https:\/\/retrorallye.de\/index.php?rest_route=%2Fwp%2Fv2%2Fcomments&post=2872"}],"version-history":[{"count":99,"href":"https:\/\/retrorallye.de\/index.php?rest_route=\/wp\/v2\/pages\/2872\/revisions"}],"predecessor-version":[{"id":3087,"href":"https:\/\/retrorallye.de\/index.php?rest_route=\/wp\/v2\/pages\/2872\/revisions\/3087"}],"wp:attachment":[{"href":"https:\/\/retrorallye.de\/index.php?rest_route=%2Fwp%2Fv2%2Fmedia&parent=2872"}],"curies":[{"name":"wp","href":"https:\/\/api.w.org\/{rel}","templated":true}]}}