{"id":27,"date":"2020-03-26T16:12:52","date_gmt":"2020-03-26T16:12:52","guid":{"rendered":"http:\/\/retrorallye.de\/?page_id=27"},"modified":"2025-10-14T19:42:24","modified_gmt":"2025-10-14T19:42:24","slug":"dasteam","status":"publish","type":"page","link":"https:\/\/retrorallye.de\/?page_id=27","title":{"rendered":"Das Team"},"content":{"rendered":"\r\n<p>Wir sind das Team, das hinter dieser Internetseite steckt. Bernd und ich m\u00f6chten gerne die Retro-Rallye-Serie einer breiten \u00d6ffentlichkeit vorstellen. Die st\u00e4ndig steigenden Teilnehmerzahlen beweisen uns, das in unserer Serie viel Potential liegt. Aus diesem Grunde haben wir die Seite <a href=\"https:\/\/www.retrorallye.de\">www.retrorallye.de<\/a> entwickelt. Wenn ihr Fragen zur Fahrzeugen und Veranstaltungen habt, wendet euch bitte an Bernd:<\/p>\r\n<figure id=\"attachment_116\" aria-describedby=\"caption-attachment-116\" style=\"width: 500px\" class=\"wp-caption alignnone\"><img loading=\"lazy\" decoding=\"async\" class=\"size-full wp-image-116\" src=\"https:\/\/retrorallye.de\/wp-content\/uploads\/2020\/03\/bernd1.jpg\" alt=\"Bernd Lutz\" width=\"500\" height=\"250\" srcset=\"https:\/\/retrorallye.de\/wp-content\/uploads\/2020\/03\/bernd1.jpg 500w, https:\/\/retrorallye.de\/wp-content\/uploads\/2020\/03\/bernd1-300x150.jpg 300w\" sizes=\"auto, (max-width: 500px) 100vw, 500px\" \/><figcaption id=\"caption-attachment-116\" class=\"wp-caption-text\">Bernd Lutz<\/figcaption><\/figure>\r\n<p>Redakteur &#8211; Bernd Lutz<br>Motorsport seit 1976<br>Jetziges Fahrzeug VW Golf 1 GTI<br><a href=\"mailto:belu@retrorallye.de\">belu@retrorallye.de<\/a><br><br><img loading=\"lazy\" decoding=\"async\" class=\"alignnone size-full wp-image-228\" src=\"https:\/\/retrorallye.de\/wp-content\/uploads\/2020\/04\/linie.jpg\" alt=\"\" width=\"800\" height=\"6\" srcset=\"https:\/\/retrorallye.de\/wp-content\/uploads\/2020\/04\/linie.jpg 800w, https:\/\/retrorallye.de\/wp-content\/uploads\/2020\/04\/linie-300x2.jpg 300w, https:\/\/retrorallye.de\/wp-content\/uploads\/2020\/04\/linie-768x6.jpg 768w\" sizes=\"auto, (max-width: 800px) 100vw, 800px\" \/>K\u00fcmmere mich um technischen Belange der Seite, mache die Aktualisierungen. Bei Anregungen, Kritik usw. wendet euch bitte an mich:<\/p>\r\n<p><img loading=\"lazy\" decoding=\"async\" class=\"alignnone size-full wp-image-2891\" src=\"https:\/\/retrorallye.de\/wp-content\/uploads\/2025\/10\/ralf_team.jpg\" alt=\"\" width=\"500\" height=\"250\" srcset=\"https:\/\/retrorallye.de\/wp-content\/uploads\/2025\/10\/ralf_team.jpg 500w, https:\/\/retrorallye.de\/wp-content\/uploads\/2025\/10\/ralf_team-300x150.jpg 300w\" sizes=\"auto, (max-width: 500px) 100vw, 500px\" \/><br>Administrator &#8211; Ralf Westermeyer<br>Motorsport seit 1977<br>Copilot auf verschiedenen Fahrzeugen<br><a href=\"mailto:rwe@retrorallye.de\">rwe@retrorallye.de<\/a><\/p>\r\n","protected":false},"excerpt":{"rendered":"<p>Wir sind das Team, das hinter dieser Internetseite steckt. Bernd und ich m\u00f6chten gerne die Retro-Rallye-Serie einer breiten \u00d6ffentlichkeit vorstellen.<\/p>\n","protected":false},"author":1,"featured_media":0,"parent":0,"menu_order":0,"comment_status":"closed","ping_status":"closed","template":"","meta":{"ngg_post_thumbnail":0,"_mc_calendar":[],"footnotes":""},"class_list":["post-27","page","type-page","status-publish","hentry"],"yoast_head":"<!-- This site is optimized with the Yoast SEO plugin v27.5 - https:\/\/yoast.com\/product\/yoast-seo-wordpress\/ -->\n<title>Das Team - Retro-Rallye<\/title>\n<meta name=\"description\" content=\"Retro-Rallyes werden mit mindestens 20 Jahren alten Fahrzeugen auf Sollzeit gefahren. Durch die geringen Kosten ein perfekter Einstieg in den Motorsport.\" \/>\n<meta name=\"robots\" content=\"index, follow, max-snippet:-1, max-image-preview:large, max-video-preview:-1\" \/>\n<link rel=\"canonical\" href=\"https:\/\/retrorallye.de\/?page_id=27\" \/>\n<meta property=\"og:locale\" content=\"de_DE\" \/>\n<meta property=\"og:type\" content=\"article\" \/>\n<meta property=\"og:title\" content=\"Das Team - Retro-Rallye\" \/>\n<meta property=\"og:description\" content=\"Retro-Rallyes werden mit mindestens 20 Jahren alten Fahrzeugen auf Sollzeit gefahren. Durch die geringen Kosten ein perfekter Einstieg in den Motorsport.\" \/>\n<meta property=\"og:url\" content=\"https:\/\/retrorallye.de\/?page_id=27\" \/>\n<meta property=\"og:site_name\" content=\"Retro-Rallye\" \/>\n<meta property=\"article:modified_time\" content=\"2025-10-14T19:42:24+00:00\" \/>\n<meta property=\"og:image\" content=\"https:\/\/retrorallye.de\/wp-content\/uploads\/2020\/03\/bernd1.jpg\" \/>\n\t<meta property=\"og:image:width\" content=\"500\" \/>\n\t<meta property=\"og:image:height\" content=\"250\" \/>\n\t<meta property=\"og:image:type\" content=\"image\/jpeg\" \/>\n<meta name=\"twitter:card\" content=\"summary_large_image\" \/>\n<meta name=\"twitter:label1\" content=\"Gesch\u00e4tzte Lesezeit\" \/>\n\t<meta name=\"twitter:data1\" content=\"2\u00a0Minuten\" \/>\n<script type=\"application\/ld+json\" class=\"yoast-schema-graph\">{\"@context\":\"https:\\\/\\\/schema.org\",\"@graph\":[{\"@type\":\"WebPage\",\"@id\":\"https:\\\/\\\/retrorallye.de\\\/?page_id=27\",\"url\":\"https:\\\/\\\/retrorallye.de\\\/?page_id=27\",\"name\":\"Das Team - Retro-Rallye\",\"isPartOf\":{\"@id\":\"https:\\\/\\\/retrorallye.de\\\/#website\"},\"primaryImageOfPage\":{\"@id\":\"https:\\\/\\\/retrorallye.de\\\/?page_id=27#primaryimage\"},\"image\":{\"@id\":\"https:\\\/\\\/retrorallye.de\\\/?page_id=27#primaryimage\"},\"thumbnailUrl\":\"https:\\\/\\\/retrorallye.de\\\/wp-content\\\/uploads\\\/2020\\\/03\\\/bernd1.jpg\",\"datePublished\":\"2020-03-26T16:12:52+00:00\",\"dateModified\":\"2025-10-14T19:42:24+00:00\",\"description\":\"Retro-Rallyes werden mit mindestens 20 Jahren alten Fahrzeugen auf Sollzeit gefahren. Durch die geringen Kosten ein perfekter Einstieg in den Motorsport.\",\"breadcrumb\":{\"@id\":\"https:\\\/\\\/retrorallye.de\\\/?page_id=27#breadcrumb\"},\"inLanguage\":\"de\",\"potentialAction\":[{\"@type\":\"ReadAction\",\"target\":[\"https:\\\/\\\/retrorallye.de\\\/?page_id=27\"]}]},{\"@type\":\"ImageObject\",\"inLanguage\":\"de\",\"@id\":\"https:\\\/\\\/retrorallye.de\\\/?page_id=27#primaryimage\",\"url\":\"https:\\\/\\\/retrorallye.de\\\/wp-content\\\/uploads\\\/2020\\\/03\\\/bernd1.jpg\",\"contentUrl\":\"https:\\\/\\\/retrorallye.de\\\/wp-content\\\/uploads\\\/2020\\\/03\\\/bernd1.jpg\",\"width\":500,\"height\":250,\"caption\":\"Bernd Lutz\"},{\"@type\":\"BreadcrumbList\",\"@id\":\"https:\\\/\\\/retrorallye.de\\\/?page_id=27#breadcrumb\",\"itemListElement\":[{\"@type\":\"ListItem\",\"position\":1,\"name\":\"Startseite\",\"item\":\"https:\\\/\\\/retrorallye.de\\\/\"},{\"@type\":\"ListItem\",\"position\":2,\"name\":\"Das Team\"}]},{\"@type\":\"WebSite\",\"@id\":\"https:\\\/\\\/retrorallye.de\\\/#website\",\"url\":\"https:\\\/\\\/retrorallye.de\\\/\",\"name\":\"Retro-Rallye\",\"description\":\"Der Einstieg in den Motorsport\",\"publisher\":{\"@id\":\"https:\\\/\\\/retrorallye.de\\\/#\\\/schema\\\/person\\\/512d86710bd0792a48b37215fe6fdb1b\"},\"potentialAction\":[{\"@type\":\"SearchAction\",\"target\":{\"@type\":\"EntryPoint\",\"urlTemplate\":\"https:\\\/\\\/retrorallye.de\\\/?s={search_term_string}\"},\"query-input\":{\"@type\":\"PropertyValueSpecification\",\"valueRequired\":true,\"valueName\":\"search_term_string\"}}],\"inLanguage\":\"de\"},{\"@type\":[\"Person\",\"Organization\"],\"@id\":\"https:\\\/\\\/retrorallye.de\\\/#\\\/schema\\\/person\\\/512d86710bd0792a48b37215fe6fdb1b\",\"name\":\"RWe\",\"image\":{\"@type\":\"ImageObject\",\"inLanguage\":\"de\",\"@id\":\"https:\\\/\\\/secure.gravatar.com\\\/avatar\\\/07dbf91b971b12a1c3042e2d96a1fc08ffc091127f38586879de72ec43396623?s=96&d=mm&r=g\",\"url\":\"https:\\\/\\\/secure.gravatar.com\\\/avatar\\\/07dbf91b971b12a1c3042e2d96a1fc08ffc091127f38586879de72ec43396623?s=96&d=mm&r=g\",\"contentUrl\":\"https:\\\/\\\/secure.gravatar.com\\\/avatar\\\/07dbf91b971b12a1c3042e2d96a1fc08ffc091127f38586879de72ec43396623?s=96&d=mm&r=g\",\"caption\":\"RWe\"},\"logo\":{\"@id\":\"https:\\\/\\\/secure.gravatar.com\\\/avatar\\\/07dbf91b971b12a1c3042e2d96a1fc08ffc091127f38586879de72ec43396623?s=96&d=mm&r=g\"}}]}<\/script>\n<!-- \/ Yoast SEO plugin. -->","yoast_head_json":{"title":"Das Team - Retro-Rallye","description":"Retro-Rallyes werden mit mindestens 20 Jahren alten Fahrzeugen auf Sollzeit gefahren. Durch die geringen Kosten ein perfekter Einstieg in den Motorsport.","robots":{"index":"index","follow":"follow","max-snippet":"max-snippet:-1","max-image-preview":"max-image-preview:large","max-video-preview":"max-video-preview:-1"},"canonical":"https:\/\/retrorallye.de\/?page_id=27","og_locale":"de_DE","og_type":"article","og_title":"Das Team - Retro-Rallye","og_description":"Retro-Rallyes werden mit mindestens 20 Jahren alten Fahrzeugen auf Sollzeit gefahren. Durch die geringen Kosten ein perfekter Einstieg in den Motorsport.","og_url":"https:\/\/retrorallye.de\/?page_id=27","og_site_name":"Retro-Rallye","article_modified_time":"2025-10-14T19:42:24+00:00","og_image":[{"width":500,"height":250,"url":"https:\/\/retrorallye.de\/wp-content\/uploads\/2020\/03\/bernd1.jpg","type":"image\/jpeg"}],"twitter_card":"summary_large_image","twitter_misc":{"Gesch\u00e4tzte Lesezeit":"2\u00a0Minuten"},"schema":{"@context":"https:\/\/schema.org","@graph":[{"@type":"WebPage","@id":"https:\/\/retrorallye.de\/?page_id=27","url":"https:\/\/retrorallye.de\/?page_id=27","name":"Das Team - Retro-Rallye","isPartOf":{"@id":"https:\/\/retrorallye.de\/#website"},"primaryImageOfPage":{"@id":"https:\/\/retrorallye.de\/?page_id=27#primaryimage"},"image":{"@id":"https:\/\/retrorallye.de\/?page_id=27#primaryimage"},"thumbnailUrl":"https:\/\/retrorallye.de\/wp-content\/uploads\/2020\/03\/bernd1.jpg","datePublished":"2020-03-26T16:12:52+00:00","dateModified":"2025-10-14T19:42:24+00:00","description":"Retro-Rallyes werden mit mindestens 20 Jahren alten Fahrzeugen auf Sollzeit gefahren. Durch die geringen Kosten ein perfekter Einstieg in den Motorsport.","breadcrumb":{"@id":"https:\/\/retrorallye.de\/?page_id=27#breadcrumb"},"inLanguage":"de","potentialAction":[{"@type":"ReadAction","target":["https:\/\/retrorallye.de\/?page_id=27"]}]},{"@type":"ImageObject","inLanguage":"de","@id":"https:\/\/retrorallye.de\/?page_id=27#primaryimage","url":"https:\/\/retrorallye.de\/wp-content\/uploads\/2020\/03\/bernd1.jpg","contentUrl":"https:\/\/retrorallye.de\/wp-content\/uploads\/2020\/03\/bernd1.jpg","width":500,"height":250,"caption":"Bernd Lutz"},{"@type":"BreadcrumbList","@id":"https:\/\/retrorallye.de\/?page_id=27#breadcrumb","itemListElement":[{"@type":"ListItem","position":1,"name":"Startseite","item":"https:\/\/retrorallye.de\/"},{"@type":"ListItem","position":2,"name":"Das Team"}]},{"@type":"WebSite","@id":"https:\/\/retrorallye.de\/#website","url":"https:\/\/retrorallye.de\/","name":"Retro-Rallye","description":"Der Einstieg in den Motorsport","publisher":{"@id":"https:\/\/retrorallye.de\/#\/schema\/person\/512d86710bd0792a48b37215fe6fdb1b"},"potentialAction":[{"@type":"SearchAction","target":{"@type":"EntryPoint","urlTemplate":"https:\/\/retrorallye.de\/?s={search_term_string}"},"query-input":{"@type":"PropertyValueSpecification","valueRequired":true,"valueName":"search_term_string"}}],"inLanguage":"de"},{"@type":["Person","Organization"],"@id":"https:\/\/retrorallye.de\/#\/schema\/person\/512d86710bd0792a48b37215fe6fdb1b","name":"RWe","image":{"@type":"ImageObject","inLanguage":"de","@id":"https:\/\/secure.gravatar.com\/avatar\/07dbf91b971b12a1c3042e2d96a1fc08ffc091127f38586879de72ec43396623?s=96&d=mm&r=g","url":"https:\/\/secure.gravatar.com\/avatar\/07dbf91b971b12a1c3042e2d96a1fc08ffc091127f38586879de72ec43396623?s=96&d=mm&r=g","contentUrl":"https:\/\/secure.gravatar.com\/avatar\/07dbf91b971b12a1c3042e2d96a1fc08ffc091127f38586879de72ec43396623?s=96&d=mm&r=g","caption":"RWe"},"logo":{"@id":"https:\/\/secure.gravatar.com\/avatar\/07dbf91b971b12a1c3042e2d96a1fc08ffc091127f38586879de72ec43396623?s=96&d=mm&r=g"}}]}},"_links":{"self":[{"href":"https:\/\/retrorallye.de\/index.php?rest_route=\/wp\/v2\/pages\/27","targetHints":{"allow":["GET"]}}],"collection":[{"href":"https:\/\/retrorallye.de\/index.php?rest_route=\/wp\/v2\/pages"}],"about":[{"href":"https:\/\/retrorallye.de\/index.php?rest_route=\/wp\/v2\/types\/page"}],"author":[{"embeddable":true,"href":"https:\/\/retrorallye.de\/index.php?rest_route=\/wp\/v2\/users\/1"}],"replies":[{"embeddable":true,"href":"https:\/\/retrorallye.de\/index.php?rest_route=%2Fwp%2Fv2%2Fcomments&post=27"}],"version-history":[{"count":30,"href":"https:\/\/retrorallye.de\/index.php?rest_route=\/wp\/v2\/pages\/27\/revisions"}],"predecessor-version":[{"id":2892,"href":"https:\/\/retrorallye.de\/index.php?rest_route=\/wp\/v2\/pages\/27\/revisions\/2892"}],"wp:attachment":[{"href":"https:\/\/retrorallye.de\/index.php?rest_route=%2Fwp%2Fv2%2Fmedia&parent=27"}],"curies":[{"name":"wp","href":"https:\/\/api.w.org\/{rel}","templated":true}]}}