{"id":2,"date":"2020-03-26T14:19:44","date_gmt":"2020-03-26T14:19:44","guid":{"rendered":"http:\/\/retrorallye.de\/?page_id=2"},"modified":"2022-05-03T14:18:55","modified_gmt":"2022-05-03T14:18:55","slug":"sample-page","status":"publish","type":"page","link":"https:\/\/retrorallye.de\/?page_id=2","title":{"rendered":"Die ADAC Retro-Rallye-Serie"},"content":{"rendered":"<p><img loading=\"lazy\" decoding=\"async\" class=\"size-full wp-image-1640 aligncenter\" src=\"https:\/\/retrorallye.de\/wp-content\/uploads\/2022\/05\/rrs_logo_klein.png\" alt=\"\" width=\"310\" height=\"108\" srcset=\"https:\/\/retrorallye.de\/wp-content\/uploads\/2022\/05\/rrs_logo_klein.png 310w, https:\/\/retrorallye.de\/wp-content\/uploads\/2022\/05\/rrs_logo_klein-300x105.png 300w\" sizes=\"auto, (max-width: 310px) 100vw, 310px\" \/><br \/>\nUnter dem Motto &#8222;Mach&#8217;s einfach&#8220; veranstaltet der ADAC Pfalz seit 2006 die ADAC Retro-Rallye Serie, bei der Sollzeit-Rallyes im Rahmen von Bestzeitrallyes gefahren werden. Im Vordergrund der ADAC Retro Rallye Serie steht dabei der Spa\u00df am Motorsport mit Gleichgesinnten. Bei den Retro-Rallyes kommt es nicht auf das Erzielen von H\u00f6chstgeschwindigkeiten oder Bestzeiten an, sondern auf das exakte Einhalten der vorgeschriebenen Fahrzeit.<br \/>\nDie Zielgruppe der Retro-Rallye sind Old- und Youngtimer-Besitzer, die ihre Fahrzeuge sportlich, aber Material schonend bewegen m\u00f6chten sowie Motorsport-Neulinge, die ohne Zeitdruck den Ablauf und die Aufgaben einer Rallye aktiv kennenlernen m\u00f6chten. Die allseits beliebte kosteng\u00fcnstige Clubsport Serie zieht dabei Jung und Alt in ihren Bann.<br \/>\nGefahren wird in Teams von zwei Personen bestehend aus Fahrer und Beifahrer, wobei Letzterer f\u00fcr das Vorlesen des &#8222;Gebetbuches&#8220; und das richtige Timing beim Durchfahren des Wagens an der Lichtschranke zust\u00e4ndig ist. Zudem ist eine Stoppuhr mit Countdown-Funktion f\u00fcr den Beifahrer eine sinnvolle Investition, damit er seinem Fahrer die letzten Sekunden bis zum Durchfahren der Lichtschranke herunterz\u00e4hlen kann.<br \/>\nMotorsport-Einsteiger d\u00fcrfen bereits ab 17 Jahren starten, wenn sie am &#8222;begleitenden Fahren&#8220; erfolgreich teilgenommen haben. Voraussetzung ist eine DMSB-C-Lizenz oder RaceCard,<br \/>\nGefahren wird die Retro-Rallye in zwei Regionen bundesweit: Die Region Nord mit Retro-Rallyes in den ADAC Regionalclubs Hansa, Hessen-Th\u00fcringen, Niedersachsen-Sachsen-Anhalt, Ostwestfalen-Lippe, Schleswig-Holstein und Weser-Ems, sowie die Region S\u00fcd mit Retro-Rallyes in den ADAC Regionalclubs Hessen-Th\u00fcringen, Mittelrhein, Pfalz, Saarland und W\u00fcrttemberg.<br \/>\nZugelassen sind Fahrzeuge, die mindestens 20 Jahre alt. Das Fahrzeug muss \u00fcber eine Stra\u00dfenzulassung verf\u00fcgen. Alle \u00c4nderungen m\u00fcssen in den Fahrzeugpapieren eingetragen sein oder \u00fcber eine ABE verf\u00fcgen. Sicherheit spielt auch in der Retro-Rallye-Serie eine gro\u00dfe Rolle. Die Mindestausstattung des Fahrzeuges besteht aus einem \u00dcberrollb\u00fcgel und 2 kg-Feuerl\u00f6scher, wobei weitere Sicherheits-Feature empfohlen sind. Fahrer und Beifahrer m\u00fcssen Schutzhelme nach DMSB-Vorschrift (mind. ECE 22-05) und flammabweisenden Overalls der FIA-Pr\u00fcfnormen 1986 oder 8856-2000 oder 8856-2018 tragen.<br \/>\nIn der ADAC Retro-Rallye Serie S\u00fcd ist zudem die \u201eBest-of-Retro\u201c-Sonderwertung ausgeschrieben. Dies Troph\u00e4e wurde von Hans-J\u00fcrgen und Karin Pfohe aus L\u00fcneburg gestiftet, die selbst ein erfolgreiches Retro-Rallye Team waren und damit ihre Verbundenheit zu dieser Serie ausdr\u00fccken m\u00f6chten. Gewertet werden die von einer Jury bestimmten drei besten Retro-Rallyes des Vorjahres.<br \/>\n2022 geht es in die 17. Saison ADAC Retro-Rallye. Im Laufe der Jahre waren schon einige Deutsche Rallyemeister am Start und auch Walter R\u00f6hrl lie\u00df es sich nicht nehmen, bei der \u201eRallye S\u00fcdliche Weinstra\u00dfe Historic\u201c des MSC Ramberg an den Start in einer Replika seines Monnet-Porsche 924 Carrera GTS zu gehen. Alle Sieger der ADAC Retro-Rallye Serie (S\u00fcd) sind im Anhang aufgelistet.<br \/>\nVom Ursprungsgedanken des \u201eMach\u00b4s einfach\u201c musste man sich zwar im Laufe der Jahre etwas verabschieden, da von Seiten der Motorsportbeh\u00f6rde die Bereiche Sicherheit und Technik immer weiterentwickelt und verbessert wurden, aber dennoch ist der Einstieg in die Welt des Rallyesports immer noch in der Retro-Rallye am einfachsten und kosteng\u00fcnstigsten \u2013 und der Spa\u00df mit den Fahrerkollegen am gr\u00f6\u00dften!<\/p>\n<h5>Ehrentafel der Gewinner der ADAC Retro-Rallye Serie S\u00fcd<br \/>\nsowie der Sonderwertung \u201eBest-of-Retro\u201c:<\/h5>\n<p>Sieger ADAC Retro-Rallye Serie S\u00fcd Sonderwertung \u201eBest-of-Retro\u201c<br \/>\n2021: Wolfgang &amp; Fabian Michalsky (bestes Team) Max Pokrandt\/Dirk Stachel<br \/>\n2020: Wolfgang &amp; Fabian Michalsky (bestes Team) Keine Wertung (Corona)<br \/>\n2019: Sebastian &amp; Denise Dietz Wolfgang &amp; Fabian Michalsky<br \/>\n2018: Johannes Ott\/Christian Beetz Johannes Ott\/Christian Beetz<br \/>\n2017: Udo Wagner\/Sebastian Kurz Max &amp; Timo Birnbreier<br \/>\n2016: Thomas &amp; Nico Meyer Max &amp; Timo Birnbreier<br \/>\n2015: Johannes Ott\/Christian Beetz Johannes Ott\/Christian Beetz<br \/>\n2014: Hans-J\u00fcrgen &amp; Karin Pfohe<br \/>\n2013: Thomas &amp; Nico Meyer<br \/>\n2012: Thomas &amp; Albert Gutheil<br \/>\n2011: Hans-J\u00fcrgen &amp; Karin Pfohe<br \/>\n2010: Thomas Gutheil<br \/>\n2009: Herbert Schmidt<br \/>\n2008: Edwin Bingel\/Martin Bernhard<br \/>\n2007: Herbert &amp; Isabell Schmidt<br \/>\n2006: Herbert Schmidt<br \/>\nReglements und weitere Informationen sind im Internet unter www.adac-pfalz.de einsehbar. F\u00fcr weitere R\u00fcckfragen steht auch die Sportabteilung des ADAC Pfalz unter <a href=\"mailto:sport@pfa.adac.de\" target=\"_blank\" rel=\"noopener\">sport@pfa.adac.de<\/a> oder Telefon 06321-890520 zur Verf\u00fcgung.<\/p>\n","protected":false},"excerpt":{"rendered":"<p>Unter dem Motto &#8222;Mach&#8217;s einfach&#8220; veranstaltet der ADAC Pfalz seit 2006 die ADAC Retro-Rallye Serie, bei der Sollzeit-Rallyes im Rahmen<\/p>\n","protected":false},"author":1,"featured_media":0,"parent":0,"menu_order":0,"comment_status":"closed","ping_status":"open","template":"","meta":{"ngg_post_thumbnail":0,"_mc_calendar":[],"footnotes":""},"class_list":["post-2","page","type-page","status-publish","hentry"],"yoast_head":"<!-- This site is optimized with the Yoast SEO plugin v27.5 - https:\/\/yoast.com\/product\/yoast-seo-wordpress\/ -->\n<title>Die ADAC Retro-Rallye-Serie - Retro-Rallye<\/title>\n<meta name=\"description\" content=\"Retro-Rallyes werden mit mindestens 20 Jahren alten Fahrzeugen auf Sollzeit gefahren. Durch die geringen Kosten ein perfekter Einstieg in den Motorsport.\" \/>\n<meta name=\"robots\" content=\"index, follow, max-snippet:-1, max-image-preview:large, max-video-preview:-1\" \/>\n<link rel=\"canonical\" href=\"https:\/\/retrorallye.de\/?page_id=2\" \/>\n<meta property=\"og:locale\" content=\"de_DE\" \/>\n<meta property=\"og:type\" content=\"article\" \/>\n<meta property=\"og:title\" content=\"Die ADAC Retro-Rallye-Serie - Retro-Rallye\" \/>\n<meta property=\"og:description\" content=\"Retro-Rallyes werden mit mindestens 20 Jahren alten Fahrzeugen auf Sollzeit gefahren. Durch die geringen Kosten ein perfekter Einstieg in den Motorsport.\" \/>\n<meta property=\"og:url\" content=\"https:\/\/retrorallye.de\/?page_id=2\" \/>\n<meta property=\"og:site_name\" content=\"Retro-Rallye\" \/>\n<meta property=\"article:modified_time\" content=\"2022-05-03T14:18:55+00:00\" \/>\n<meta property=\"og:image\" content=\"https:\/\/retrorallye.de\/wp-content\/uploads\/2022\/05\/rrs_logo_klein.png\" \/>\n<meta name=\"twitter:card\" content=\"summary_large_image\" \/>\n<meta name=\"twitter:label1\" content=\"Gesch\u00e4tzte Lesezeit\" \/>\n\t<meta name=\"twitter:data1\" content=\"4\u00a0Minuten\" \/>\n<script type=\"application\/ld+json\" class=\"yoast-schema-graph\">{\"@context\":\"https:\\\/\\\/schema.org\",\"@graph\":[{\"@type\":\"WebPage\",\"@id\":\"https:\\\/\\\/retrorallye.de\\\/?page_id=2\",\"url\":\"https:\\\/\\\/retrorallye.de\\\/?page_id=2\",\"name\":\"Die ADAC Retro-Rallye-Serie - Retro-Rallye\",\"isPartOf\":{\"@id\":\"https:\\\/\\\/retrorallye.de\\\/#website\"},\"primaryImageOfPage\":{\"@id\":\"https:\\\/\\\/retrorallye.de\\\/?page_id=2#primaryimage\"},\"image\":{\"@id\":\"https:\\\/\\\/retrorallye.de\\\/?page_id=2#primaryimage\"},\"thumbnailUrl\":\"https:\\\/\\\/retrorallye.de\\\/wp-content\\\/uploads\\\/2022\\\/05\\\/rrs_logo_klein.png\",\"datePublished\":\"2020-03-26T14:19:44+00:00\",\"dateModified\":\"2022-05-03T14:18:55+00:00\",\"description\":\"Retro-Rallyes werden mit mindestens 20 Jahren alten Fahrzeugen auf Sollzeit gefahren. Durch die geringen Kosten ein perfekter Einstieg in den Motorsport.\",\"breadcrumb\":{\"@id\":\"https:\\\/\\\/retrorallye.de\\\/?page_id=2#breadcrumb\"},\"inLanguage\":\"de\",\"potentialAction\":[{\"@type\":\"ReadAction\",\"target\":[\"https:\\\/\\\/retrorallye.de\\\/?page_id=2\"]}]},{\"@type\":\"ImageObject\",\"inLanguage\":\"de\",\"@id\":\"https:\\\/\\\/retrorallye.de\\\/?page_id=2#primaryimage\",\"url\":\"https:\\\/\\\/retrorallye.de\\\/wp-content\\\/uploads\\\/2022\\\/05\\\/rrs_logo_klein.png\",\"contentUrl\":\"https:\\\/\\\/retrorallye.de\\\/wp-content\\\/uploads\\\/2022\\\/05\\\/rrs_logo_klein.png\",\"width\":310,\"height\":108},{\"@type\":\"BreadcrumbList\",\"@id\":\"https:\\\/\\\/retrorallye.de\\\/?page_id=2#breadcrumb\",\"itemListElement\":[{\"@type\":\"ListItem\",\"position\":1,\"name\":\"Startseite\",\"item\":\"https:\\\/\\\/retrorallye.de\\\/\"},{\"@type\":\"ListItem\",\"position\":2,\"name\":\"Die ADAC Retro-Rallye-Serie\"}]},{\"@type\":\"WebSite\",\"@id\":\"https:\\\/\\\/retrorallye.de\\\/#website\",\"url\":\"https:\\\/\\\/retrorallye.de\\\/\",\"name\":\"Retro-Rallye\",\"description\":\"Der Einstieg in den Motorsport\",\"publisher\":{\"@id\":\"https:\\\/\\\/retrorallye.de\\\/#\\\/schema\\\/person\\\/512d86710bd0792a48b37215fe6fdb1b\"},\"potentialAction\":[{\"@type\":\"SearchAction\",\"target\":{\"@type\":\"EntryPoint\",\"urlTemplate\":\"https:\\\/\\\/retrorallye.de\\\/?s={search_term_string}\"},\"query-input\":{\"@type\":\"PropertyValueSpecification\",\"valueRequired\":true,\"valueName\":\"search_term_string\"}}],\"inLanguage\":\"de\"},{\"@type\":[\"Person\",\"Organization\"],\"@id\":\"https:\\\/\\\/retrorallye.de\\\/#\\\/schema\\\/person\\\/512d86710bd0792a48b37215fe6fdb1b\",\"name\":\"RWe\",\"image\":{\"@type\":\"ImageObject\",\"inLanguage\":\"de\",\"@id\":\"https:\\\/\\\/secure.gravatar.com\\\/avatar\\\/07dbf91b971b12a1c3042e2d96a1fc08ffc091127f38586879de72ec43396623?s=96&d=mm&r=g\",\"url\":\"https:\\\/\\\/secure.gravatar.com\\\/avatar\\\/07dbf91b971b12a1c3042e2d96a1fc08ffc091127f38586879de72ec43396623?s=96&d=mm&r=g\",\"contentUrl\":\"https:\\\/\\\/secure.gravatar.com\\\/avatar\\\/07dbf91b971b12a1c3042e2d96a1fc08ffc091127f38586879de72ec43396623?s=96&d=mm&r=g\",\"caption\":\"RWe\"},\"logo\":{\"@id\":\"https:\\\/\\\/secure.gravatar.com\\\/avatar\\\/07dbf91b971b12a1c3042e2d96a1fc08ffc091127f38586879de72ec43396623?s=96&d=mm&r=g\"}}]}<\/script>\n<!-- \/ Yoast SEO plugin. -->","yoast_head_json":{"title":"Die ADAC Retro-Rallye-Serie - Retro-Rallye","description":"Retro-Rallyes werden mit mindestens 20 Jahren alten Fahrzeugen auf Sollzeit gefahren. Durch die geringen Kosten ein perfekter Einstieg in den Motorsport.","robots":{"index":"index","follow":"follow","max-snippet":"max-snippet:-1","max-image-preview":"max-image-preview:large","max-video-preview":"max-video-preview:-1"},"canonical":"https:\/\/retrorallye.de\/?page_id=2","og_locale":"de_DE","og_type":"article","og_title":"Die ADAC Retro-Rallye-Serie - Retro-Rallye","og_description":"Retro-Rallyes werden mit mindestens 20 Jahren alten Fahrzeugen auf Sollzeit gefahren. Durch die geringen Kosten ein perfekter Einstieg in den Motorsport.","og_url":"https:\/\/retrorallye.de\/?page_id=2","og_site_name":"Retro-Rallye","article_modified_time":"2022-05-03T14:18:55+00:00","og_image":[{"url":"https:\/\/retrorallye.de\/wp-content\/uploads\/2022\/05\/rrs_logo_klein.png","type":"","width":"","height":""}],"twitter_card":"summary_large_image","twitter_misc":{"Gesch\u00e4tzte Lesezeit":"4\u00a0Minuten"},"schema":{"@context":"https:\/\/schema.org","@graph":[{"@type":"WebPage","@id":"https:\/\/retrorallye.de\/?page_id=2","url":"https:\/\/retrorallye.de\/?page_id=2","name":"Die ADAC Retro-Rallye-Serie - Retro-Rallye","isPartOf":{"@id":"https:\/\/retrorallye.de\/#website"},"primaryImageOfPage":{"@id":"https:\/\/retrorallye.de\/?page_id=2#primaryimage"},"image":{"@id":"https:\/\/retrorallye.de\/?page_id=2#primaryimage"},"thumbnailUrl":"https:\/\/retrorallye.de\/wp-content\/uploads\/2022\/05\/rrs_logo_klein.png","datePublished":"2020-03-26T14:19:44+00:00","dateModified":"2022-05-03T14:18:55+00:00","description":"Retro-Rallyes werden mit mindestens 20 Jahren alten Fahrzeugen auf Sollzeit gefahren. Durch die geringen Kosten ein perfekter Einstieg in den Motorsport.","breadcrumb":{"@id":"https:\/\/retrorallye.de\/?page_id=2#breadcrumb"},"inLanguage":"de","potentialAction":[{"@type":"ReadAction","target":["https:\/\/retrorallye.de\/?page_id=2"]}]},{"@type":"ImageObject","inLanguage":"de","@id":"https:\/\/retrorallye.de\/?page_id=2#primaryimage","url":"https:\/\/retrorallye.de\/wp-content\/uploads\/2022\/05\/rrs_logo_klein.png","contentUrl":"https:\/\/retrorallye.de\/wp-content\/uploads\/2022\/05\/rrs_logo_klein.png","width":310,"height":108},{"@type":"BreadcrumbList","@id":"https:\/\/retrorallye.de\/?page_id=2#breadcrumb","itemListElement":[{"@type":"ListItem","position":1,"name":"Startseite","item":"https:\/\/retrorallye.de\/"},{"@type":"ListItem","position":2,"name":"Die ADAC Retro-Rallye-Serie"}]},{"@type":"WebSite","@id":"https:\/\/retrorallye.de\/#website","url":"https:\/\/retrorallye.de\/","name":"Retro-Rallye","description":"Der Einstieg in den Motorsport","publisher":{"@id":"https:\/\/retrorallye.de\/#\/schema\/person\/512d86710bd0792a48b37215fe6fdb1b"},"potentialAction":[{"@type":"SearchAction","target":{"@type":"EntryPoint","urlTemplate":"https:\/\/retrorallye.de\/?s={search_term_string}"},"query-input":{"@type":"PropertyValueSpecification","valueRequired":true,"valueName":"search_term_string"}}],"inLanguage":"de"},{"@type":["Person","Organization"],"@id":"https:\/\/retrorallye.de\/#\/schema\/person\/512d86710bd0792a48b37215fe6fdb1b","name":"RWe","image":{"@type":"ImageObject","inLanguage":"de","@id":"https:\/\/secure.gravatar.com\/avatar\/07dbf91b971b12a1c3042e2d96a1fc08ffc091127f38586879de72ec43396623?s=96&d=mm&r=g","url":"https:\/\/secure.gravatar.com\/avatar\/07dbf91b971b12a1c3042e2d96a1fc08ffc091127f38586879de72ec43396623?s=96&d=mm&r=g","contentUrl":"https:\/\/secure.gravatar.com\/avatar\/07dbf91b971b12a1c3042e2d96a1fc08ffc091127f38586879de72ec43396623?s=96&d=mm&r=g","caption":"RWe"},"logo":{"@id":"https:\/\/secure.gravatar.com\/avatar\/07dbf91b971b12a1c3042e2d96a1fc08ffc091127f38586879de72ec43396623?s=96&d=mm&r=g"}}]}},"_links":{"self":[{"href":"https:\/\/retrorallye.de\/index.php?rest_route=\/wp\/v2\/pages\/2","targetHints":{"allow":["GET"]}}],"collection":[{"href":"https:\/\/retrorallye.de\/index.php?rest_route=\/wp\/v2\/pages"}],"about":[{"href":"https:\/\/retrorallye.de\/index.php?rest_route=\/wp\/v2\/types\/page"}],"author":[{"embeddable":true,"href":"https:\/\/retrorallye.de\/index.php?rest_route=\/wp\/v2\/users\/1"}],"replies":[{"embeddable":true,"href":"https:\/\/retrorallye.de\/index.php?rest_route=%2Fwp%2Fv2%2Fcomments&post=2"}],"version-history":[{"count":27,"href":"https:\/\/retrorallye.de\/index.php?rest_route=\/wp\/v2\/pages\/2\/revisions"}],"predecessor-version":[{"id":1641,"href":"https:\/\/retrorallye.de\/index.php?rest_route=\/wp\/v2\/pages\/2\/revisions\/1641"}],"wp:attachment":[{"href":"https:\/\/retrorallye.de\/index.php?rest_route=%2Fwp%2Fv2%2Fmedia&parent=2"}],"curies":[{"name":"wp","href":"https:\/\/api.w.org\/{rel}","templated":true}]}}