{"id":1388,"date":"2021-11-17T17:13:31","date_gmt":"2021-11-17T17:13:31","guid":{"rendered":"https:\/\/retrorallye.de\/?page_id=1388"},"modified":"2024-11-16T11:27:45","modified_gmt":"2024-11-16T11:27:45","slug":"termine-2021-archiv","status":"publish","type":"page","link":"https:\/\/retrorallye.de\/?page_id=1388","title":{"rendered":"Ergebnisse\/Termine 2021"},"content":{"rendered":"<h3>Termine 2021 Archiv<\/h3>\n<h4><strong>Termine RRS S\u00fcd, RRS Nord, RRC, ADMV-HistoCup<\/strong><\/h4>\n<p>13.02.2021 Rallye Nordbaden <strong>&#8211;&nbsp; abgesagt<\/strong><\/p>\n<p>27.02.2021 ADAC Rallye S\u00fcdliche Weinstra\u00dfe Historic <strong>&#8211; abgesagt<\/strong><br \/>\nRallye 35 &#8211; RRS S\u00fcd<\/p>\n<p>27.02.2021 ADAC ACW-Arena Retro Rallye Wertungslauf 1 <strong>&#8211; abgesagt<\/strong><br \/>\n28.02.2021 ADAC ACW-Arena Retro Rallye Wertungslauf 2 + 3 <strong>&#8211; abgesagt<\/strong><br \/>\n3 x 42 WP-km<br \/>\nLauf 1 + 2 RRC, RRS Nord (best of 2)<br \/>\nMail: <a href=\"mailto:info@ACW-Retro-Rallye.de\" target=\"_blank\" rel=\"noopener\">info@acw-retro-rallye.de<\/a><br \/>\n<a href=\"info@ACW-Retro-Rallye.de\" target=\"_blank\" rel=\"noopener\">www.acw-retro-rallye.de<\/a><\/p>\n<p>06.03.2021 Rallye Hohenlohe <strong>&#8211; abgesagt<\/strong><br \/>\nRallye 35 &#8211; RRS S\u00fcd<\/p>\n<p>13.03.2021 8. UMC-DMV Historic-Rallye Ulm<strong> &#8211; abgesagt<\/strong><br \/>\nRallye 35 &#8211; RRS S\u00fcd<\/p>\n<p>13.03.2021 57. ADMV Rallye Lutherstadt Wittenberg<strong> &#8211; abgesagt<\/strong><br \/>\nRallye 35 &#8211; AHRC<\/p>\n<p>10.04.2021 11. ADAC Ostalbrallye Retro<strong> &#8211; abgesagt<\/strong><br \/>\nRallye 70 &#8211; RRS S\u00fcd<\/p>\n<div dir=\"auto\">\n<p>17.04.2021 58. ADAC Rallye Erzgebirge <strong>&#8211; abgesagt<\/strong><br \/>\nNat. A &#8211; AHRC<\/p>\n<p>24.04.2021 22. ADAC Fontane-Rallye <strong>&#8211; abgesagt<\/strong><br \/>\nRallye 35 &#8211; AHRC<\/p>\n<p>15.05.2021 11. ADAC Retro Rallye Gr\u00f6negau <strong>&#8211; abgesagt<\/strong><br \/>\nRallye 35 &#8211; RRS Nord<br \/>\nMail: <a href=\"mailto:bietendwel@aol.com\" target=\"_blank\" rel=\"noopener\">bietendwel@aol.com<\/a><br \/>\n<a href=\"http:\/\/www.rallye-groenegau.de\" target=\"_blank\" rel=\"noopener\">www.rallye-groenegau.de<\/a><\/p>\n<p>05.06.2021 21. ADAC Rallye Race Gollert<strong> &#8211; abgesagt<\/strong><br \/>\nRallye 70 &#8211; AHRC<\/p>\n<p>19.06.2021 49. ADMV Rallye Osterburg &#8211;<strong> abgesagt<\/strong><br \/>\nRallye 35 &#8211; AHRC<\/p>\n<p>19.06.2021 11. ADAC Stormarn Retro Rallye &#8211; <strong>abgesagt<\/strong><br \/>\nRallye 35&nbsp; &#8211; RRS Nord<br \/>\nMail: <a href=\"mailto:stefanheer@alice-dsl.net\" target=\"_blank\" rel=\"noopener\">stefanheer@alice-dsl.net<\/a><br \/>\n<a href=\"http:\/\/www.msc-trittau.de\" target=\"_blank\" rel=\"noopener\">www.msc-trittau.de<\/a><\/p>\n<p>19.06. 2021 1. ADAC Retro Rallye Oberhessen &#8211; <strong>abgesagt<\/strong><br \/>\nRallye 35 &#8211; RRC<\/p>\n<p>03.07.2021 3. ADAC Labertal Retro Rallye<br \/>\nRallye 35 &#8211; RRS S\u00fcd<br \/>\n<a href=\"http:\/\/www.mclabertal.de\/rallye\/ergebnis\/Retro\/result21.pdf\" target=\"_blank\" rel=\"noopener\">Ergebnis &gt;&gt;<\/a><\/p>\n<p>03.07.2021 1. ADAC Retro Rallye Ostwestfalen<br \/>\nRallye 70 &#8211; RRS Nord, RRC<br \/>\nMail: <a href=\"mailto:rennsport-team-rosteck@web.de\" target=\"_blank\" rel=\"noopener\">rennsport-team-rosteck@web.de<\/a><br \/>\n<a href=\"http:\/\/rallye-ostwestfalen.de\" target=\"_blank\" rel=\"noopener\">www.rallye-ostwestfalen.de<\/a><br \/>\n<a href=\"http:\/\/znts.de\/zeitnahme\/erg_gesamt_oficial_live.php?id=457&amp;code=1625341751&amp;rallye_id=457\" target=\"_blank\" rel=\"noopener\">Ergebnis &gt;&gt;<\/a><\/p>\n<p>17.07.2021 5. ADAC Retro Rallye Buten und Binnen<br \/>\nRallye 70 &#8211; RRS Nord, RRC<br \/>\nMail: <a href=\"mailto:torsten.kugler@acverden.com\" target=\"_blank\" rel=\"noopener\">torsten.kugler@acverden.com<\/a><br \/>\n<a href=\"http:\/\/www.rallye-bubi.de\" target=\"_blank\" rel=\"noopener\">www.rallye-bubi.de<\/a><br \/>\n<a href=\"https:\/\/www.adac-sport.com\/5_ADAC_Retro_Rallye_Buten_un_Binnen_12104\/docs\/24_off_Endergebnis.pdf\" target=\"_blank\" rel=\"noopener\">Ergebnis &gt;&gt;<\/a> (Kopf bitte um 90 Grad nach rechts neigen)<\/p>\n<p>17.07.2021 11. ADAC Liqui Moly Gleichm\u00e4\u00dfigkeitsrallye &#8211; <strong>abgesagt<\/strong><br \/>\nRallye 35 &#8211; RRC<\/p>\n<p>24.07.2021 50. ADAC-Roland-Rallye<b> &#8211; abgesagt<\/b><br \/>\nRallye 70 &#8211; AHRC<\/p>\n<p>25.07.2021 18. und 19. ADAC Fischereihafen Rallyesprint Bremerhaven<br \/>\nDoppelveranstaltung &#8211; vormittags\/nachmittags<br \/>\nRallye 35 &#8211; RRS Nord, RRC<br \/>\nMail: <a href=\"mailto:axelinahaack@t-online.de\" target=\"_blank\" rel=\"noopener\">axelinahaack@t-online.de<\/a><br \/>\n<a href=\"http:\/\/www.sportfahrer-club-bhv.de\" target=\"_blank\" rel=\"noopener\">www.sportfahrer-club-bhv.de<\/a><br \/>\nErgebnisse vormittags<br \/>\n<a class=\"oajrlxb2 g5ia77u1 qu0x051f esr5mh6w e9989ue4 r7d6kgcz rq0escxv nhd2j8a9 nc684nl6 p7hjln8o kvgmc6g5 cxmmr5t8 oygrvhab hcukyx3x jb3vyjys rz4wbd8a qt6c0cv9 a8nywdso i1ao9s8h esuyzwwr f1sip0of lzcic4wl py34i1dx gpro0wi8\" tabindex=\"0\" role=\"link\" href=\"https:\/\/www.sportfahrerclub-bhv.de\/retro\/2021\/v_retro.pdf?fbclid=IwAR27bHDyWyh1KszoLDKisyadoM_3jtpP4RWY1nwS5lNcenvETJMgqVBIh9o\" target=\"_blank\" rel=\"nofollow noopener\">https:\/\/www.sportfahrerclub-bhv.de\/retro\/2021\/v_retro.pdf<\/a><br \/>\nErgebnisse nachmittags<br \/>\n<a class=\"oajrlxb2 g5ia77u1 qu0x051f esr5mh6w e9989ue4 r7d6kgcz rq0escxv nhd2j8a9 nc684nl6 p7hjln8o kvgmc6g5 cxmmr5t8 oygrvhab hcukyx3x jb3vyjys rz4wbd8a qt6c0cv9 a8nywdso i1ao9s8h esuyzwwr f1sip0of lzcic4wl py34i1dx gpro0wi8\" tabindex=\"0\" role=\"link\" href=\"https:\/\/www.sportfahrerclub-bhv.de\/retro\/2021\/n_retro.pdf?fbclid=IwAR3xM4wtBltnykk-GrWA8QHR4ZQcobDjWeScjYcOG_SWWW23BCC0kHDwBVw\" target=\"_blank\" rel=\"nofollow noopener\">https:\/\/www.sportfahrerclub-bhv.de\/retro\/2021\/n_retro.pdf<\/a><\/p>\n<p>31.07.2021 13. ADAC Ha\u00dfberg Retro-Rallye Historic<br \/>\nRallye 35 &#8211; RRS S\u00fcd Retro-Anw\u00e4rter-Veranstaltung<br \/>\n<a href=\"https:\/\/www.tw-sportsoft.de\/ADAC_Hassberg_Rallye_2021\/docs\/16_REPORTING_ERGEBNISLISTE_SOLLZEIT_GESAMT__8.pdf\" target=\"_blank\" rel=\"noopener\">Ergebnis &gt;&gt;<\/a><\/p>\n<p>07.08.2021 Holsten Historic Rallye<br \/>\nRallye 70 &#8211; RRS Nord<br \/>\nMail: <a href=\"mailto:u.barkmann@gmx.de\" target=\"_blank\" rel=\"noopener\">u.barkmann@gmx.de<\/a><br \/>\n<a href=\"http:\/\/www.msc-holstein.de\" target=\"_blank\" rel=\"noopener\">www.msc-holstein.de<\/a><br \/>\n<a href=\"http:\/\/msc-holstein.de\/downloads\/holsten-retro2021-gesamt.pdf\" target=\"_blank\" rel=\"noopener\">Ergebnis &gt;&gt;<\/a><\/p>\n<p>14.08.2021 13. Historic Rallye Alzey &#8211; <strong>abgesagt<\/strong><br \/>\nRallye 35 &#8211; RRS S\u00fcd<\/p>\n<p>21.08.2021 9. ADAC Toyo Tires Rallye Fr\u00e4nkisches Weinland<br \/>\nRallye 35 &#8211; AHRC, RRC<br \/>\n<a href=\"https:\/\/www.tw-sportsoft.de\/ADAC_Toyo_Tires_Rallye_Fraenkisches_Weinland_2021\/docs\/45_Gesamtergebnis.pdf\" target=\"_blank\" rel=\"noopener\">Ergebnis &gt;&gt;<\/a><\/p>\n<p>28.08.2021 16. ADMV Rallye Kurstadt Schmiedeberg<br \/>\nRallye 70 &#8211; AHRC<br \/>\n<a href=\"http:\/\/www.rallye-zeiten.com\/index.php?r=badschmiedeberg_historic_2021&amp;w=6&amp;k=&amp;m=6&amp;b=6._ADMV-Histo-Rallye_Kurstadt_Bad_Schmiedeberg_2021\" target=\"_blank\" rel=\"noopener\">Ergebnis &gt;&gt;<\/a><\/p>\n<p>04.09.2021 3. ADAC Retro Rallye Days Hessen &#8211; <b>abgesagt<\/b><br \/>\nRRC<\/p>\n<p>04.09.2021 3. ADAC Retro-Rallye MSC Calw<br \/>\nRallye 35 &#8211; RRS S\u00fcd<br \/>\n<a href=\"https:\/\/www.adac-sport.com\/38_ADAC_Gerhard_Mitter_Gedaechtnisrally_12098\/docs\/29_Gesamtergebnis_unterschrieben.pdf?fbclid=IwAR0CIWTEa1upQOzbcBadcnyXl3-LMyAYj4GWP7E1YysxNuWepXo2mKyF7L4\" target=\"_blank\" rel=\"noopener\">Ergebnis &gt;&gt;<\/a> bitte den Kopf um 90 Grad drehen \ud83d\ude42<\/p>\n<p>11.09.2021 14. ADAC Historic Rallye Kohle &amp; Stahl<br \/>\nRRS S\u00fcd<br \/>\n<a href=\"https:\/\/www.tw-sportsoft.de\/ADAC_Historic_Rallye_Kohle_Stahl_2021\/TW_ON_Live_Sollzeit_Ergebnisse.php?pdf=1&amp;herkunft=online#view_pdf\" target=\"_blank\" rel=\"noopener\">Ergebnis &gt;&gt;<\/a><\/p>\n<p>11.09.2021 11. ADAC Cimbern-Rallye<br \/>\nRallye 70 &#8211; RRS Nord, RRC<br \/>\nMail: <a href=\"mailto:haulsen@cimbern-rallye.de\" target=\"_blank\" rel=\"noopener\">haulsen@cimbern-rallye.de<\/a><br \/>\n<a href=\"http:\/\/www.cimbern-rallye.de\" target=\"_blank\" rel=\"noopener\">www.cimbern-rallye.de<\/a><br \/>\n<a href=\"http:\/\/znts.de\/zeitnahme\/live_ergebnis_open.php?rallye_id=458\" target=\"_blank\" rel=\"noopener\">Ergebnis &gt;&gt;<\/a><\/p>\n<p>18.09.2021 1.Retro-Rallye Laichinger Alb<br \/>\nRallye 35 &#8211; RRS S\u00fcd Retro-Anw\u00e4rter-Veranstaltung<br \/>\n<a href=\"https:\/\/retrorallye.de\/wp-content\/uploads\/2021\/10\/OffiziellesGesamtergebnis.pdf\" target=\"_blank\" rel=\"noopener\">Ergebnis &gt;&gt;<\/a><\/p>\n<p>18.09.2021 17. ADMV Rallye Gr\u00fcnhain<br \/>\nRallye 35&nbsp; &#8211; AHRC<br \/>\n<a href=\"https:\/\/www.tw-sportsoft.de\/ADMV_Rallye_Gruenhain_2021\/docs\/45_OffiziellesGesamtergebnis_Histo.pdf\" target=\"_blank\" rel=\"noopener\">Ergebnis &gt;&gt;<\/a><\/p>\n<p>18.09.2021 9. ADAC Reifen Ritter Rallye Hinterland<br \/>\nRallye 70 &#8211; RRC<br \/>\n<a href=\"https:\/\/retrorallye.de\/wp-content\/uploads\/2021\/09\/REPORTING_ERGEBNISLISTE_SOLLZEIT_GESAMT_.pdf\" target=\"_blank\" rel=\"noopener\">Ergebnis &gt;&gt;<\/a><\/p>\n<p>18.09.2021 15. ADMV Rallye Zwickauer Land <strong>&#8211; abgesagt<\/strong><br \/>\nRallye 35&nbsp; &#8211; AHRC<\/p>\n<p>25.09.2021 &#8211; 13. ADAC Historic Rallye Potzberg<br \/>\nRRS S\u00fcd<br \/>\n<a href=\"http:\/\/znts.de\/zeitnahme\/erg_gesamt_oficial_live.php?id=460&amp;code=1632590204&amp;rallye_id=460\" target=\"_blank\" rel=\"noopener\">Ergebnis &gt;&gt;<\/a><\/p>\n<p>02.10.2021 ADAC Rallye Wartburg<br \/>\nRallye 70 &#8211; AHRC<br \/>\n<a href=\"https:\/\/www.adac-sport.com\/Retro_Rallye_59_ADAC_Rallye_Wartburg_20_2158\/TW_ON_Live_Sollzeit_Ergebnisse.php\" target=\"_blank\" rel=\"noopener\">Ergebnis &gt;&gt;<\/a><\/p>\n<p>02.10.2021 12. ADAC Historic Nibelungenring-Rallye<strong> &#8211; abgesagt<\/strong><br \/>\nRallye 35 &#8211; RRS S\u00fcd, RRC<\/p>\n<p>09.10.2021 12. ADAC Historic Rallye Bad Emstal<br \/>\nRallye 70 &#8211; RRS Nord, RRC<br \/>\nMail: <a href=\"mailto:nina.becker82@web.de\" target=\"_blank\" rel=\"noopener\">nina.becker82@web.de<\/a><br \/>\n<a href=\"http:\/\/www.msc-emstal.de\" target=\"_blank\" rel=\"noopener\">www.msc-emstal.de<\/a><br \/>\n<a href=\"https:\/\/www.adac-sport.com\/24_ADAC_Rallye_Bad_Emstal__11369\/TW_ON_Live_Sollzeit_Ergebnisse.php\" target=\"_blank\" rel=\"noopener\">Ergebnis &gt;&gt;<\/a><\/p>\n<p>16.10.2021 Litermont-Rallye Historic <strong>&#8211; abgesagt<\/strong><br \/>\nRRS S\u00fcd<\/p>\n<p>13.11.2021 2. ADAC rthb Retro-Rallye Hessisches Bergland<br \/>\nRallye 70 &#8211; RRS Nord, RRC<br \/>\nMail: <a href=\"mailto:klemens.schneider@rthb.de\" target=\"_blank\" rel=\"noopener\">klemens.schneider@rthb.de<\/a><br \/>\n<a href=\"https:\/\/www.adac-sport.com\/3_ADAC_rthb_Retro_Rallye_Hessisches_Berg_2163\/\" target=\"_blank\" rel=\"noopener\">Ergebnis &gt;&gt;<\/a><\/p>\n<p>13.11.2021 Ried Rallyesprint<br \/>\nRallye 15<br \/>\nErgebnis folgt<\/p>\n<p>20.11.2021 ADAC Historic Rallye Saar-Ost<strong> &#8211; abgesagt<\/strong><br \/>\nRRS S\u00fcd<\/p>\n<\/div>\n","protected":false},"excerpt":{"rendered":"<p>Termine 2021 Archiv Termine RRS S\u00fcd, RRS Nord, RRC, ADMV-HistoCup 13.02.2021 Rallye Nordbaden &#8211;&nbsp; abgesagt 27.02.2021 ADAC Rallye S\u00fcdliche Weinstra\u00dfe<\/p>\n","protected":false},"author":1,"featured_media":0,"parent":136,"menu_order":0,"comment_status":"closed","ping_status":"closed","template":"","meta":{"ngg_post_thumbnail":0,"_mc_calendar":[],"footnotes":""},"class_list":["post-1388","page","type-page","status-publish","hentry"],"yoast_head":"<!-- This site is optimized with the Yoast SEO plugin v27.3 - https:\/\/yoast.com\/product\/yoast-seo-wordpress\/ -->\n<title>Ergebnisse\/Termine 2021 - Retro-Rallye<\/title>\n<meta name=\"description\" content=\"Retro-Rallyes werden mit mindestens 20 Jahren alten Fahrzeugen auf Sollzeit gefahren. Durch die geringen Kosten ein perfekter Einstieg in den Motorsport.\" \/>\n<meta name=\"robots\" content=\"index, follow, max-snippet:-1, max-image-preview:large, max-video-preview:-1\" \/>\n<link rel=\"canonical\" href=\"https:\/\/retrorallye.de\/?page_id=1388\" \/>\n<meta property=\"og:locale\" content=\"de_DE\" \/>\n<meta property=\"og:type\" content=\"article\" \/>\n<meta property=\"og:title\" content=\"Ergebnisse\/Termine 2021 - Retro-Rallye\" \/>\n<meta property=\"og:description\" content=\"Retro-Rallyes werden mit mindestens 20 Jahren alten Fahrzeugen auf Sollzeit gefahren. Durch die geringen Kosten ein perfekter Einstieg in den Motorsport.\" \/>\n<meta property=\"og:url\" content=\"https:\/\/retrorallye.de\/?page_id=1388\" \/>\n<meta property=\"og:site_name\" content=\"Retro-Rallye\" \/>\n<meta property=\"article:modified_time\" content=\"2024-11-16T11:27:45+00:00\" \/>\n<meta name=\"twitter:card\" content=\"summary_large_image\" \/>\n<meta name=\"twitter:label1\" content=\"Gesch\u00e4tzte Lesezeit\" \/>\n\t<meta name=\"twitter:data1\" content=\"3\u00a0Minuten\" \/>\n<script type=\"application\/ld+json\" class=\"yoast-schema-graph\">{\"@context\":\"https:\\\/\\\/schema.org\",\"@graph\":[{\"@type\":\"WebPage\",\"@id\":\"https:\\\/\\\/retrorallye.de\\\/?page_id=1388\",\"url\":\"https:\\\/\\\/retrorallye.de\\\/?page_id=1388\",\"name\":\"Ergebnisse\\\/Termine 2021 - Retro-Rallye\",\"isPartOf\":{\"@id\":\"https:\\\/\\\/retrorallye.de\\\/#website\"},\"datePublished\":\"2021-11-17T17:13:31+00:00\",\"dateModified\":\"2024-11-16T11:27:45+00:00\",\"description\":\"Retro-Rallyes werden mit mindestens 20 Jahren alten Fahrzeugen auf Sollzeit gefahren. Durch die geringen Kosten ein perfekter Einstieg in den Motorsport.\",\"breadcrumb\":{\"@id\":\"https:\\\/\\\/retrorallye.de\\\/?page_id=1388#breadcrumb\"},\"inLanguage\":\"de\",\"potentialAction\":[{\"@type\":\"ReadAction\",\"target\":[\"https:\\\/\\\/retrorallye.de\\\/?page_id=1388\"]}]},{\"@type\":\"BreadcrumbList\",\"@id\":\"https:\\\/\\\/retrorallye.de\\\/?page_id=1388#breadcrumb\",\"itemListElement\":[{\"@type\":\"ListItem\",\"position\":1,\"name\":\"Startseite\",\"item\":\"https:\\\/\\\/retrorallye.de\\\/\"},{\"@type\":\"ListItem\",\"position\":2,\"name\":\"Termine 2025\",\"item\":\"https:\\\/\\\/retrorallye.de\\\/?page_id=136\"},{\"@type\":\"ListItem\",\"position\":3,\"name\":\"Ergebnisse\\\/Termine 2021\"}]},{\"@type\":\"WebSite\",\"@id\":\"https:\\\/\\\/retrorallye.de\\\/#website\",\"url\":\"https:\\\/\\\/retrorallye.de\\\/\",\"name\":\"Retro-Rallye\",\"description\":\"Der Einstieg in den Motorsport\",\"publisher\":{\"@id\":\"https:\\\/\\\/retrorallye.de\\\/#\\\/schema\\\/person\\\/512d86710bd0792a48b37215fe6fdb1b\"},\"potentialAction\":[{\"@type\":\"SearchAction\",\"target\":{\"@type\":\"EntryPoint\",\"urlTemplate\":\"https:\\\/\\\/retrorallye.de\\\/?s={search_term_string}\"},\"query-input\":{\"@type\":\"PropertyValueSpecification\",\"valueRequired\":true,\"valueName\":\"search_term_string\"}}],\"inLanguage\":\"de\"},{\"@type\":[\"Person\",\"Organization\"],\"@id\":\"https:\\\/\\\/retrorallye.de\\\/#\\\/schema\\\/person\\\/512d86710bd0792a48b37215fe6fdb1b\",\"name\":\"RWe\",\"image\":{\"@type\":\"ImageObject\",\"inLanguage\":\"de\",\"@id\":\"https:\\\/\\\/secure.gravatar.com\\\/avatar\\\/07dbf91b971b12a1c3042e2d96a1fc08ffc091127f38586879de72ec43396623?s=96&d=mm&r=g\",\"url\":\"https:\\\/\\\/secure.gravatar.com\\\/avatar\\\/07dbf91b971b12a1c3042e2d96a1fc08ffc091127f38586879de72ec43396623?s=96&d=mm&r=g\",\"contentUrl\":\"https:\\\/\\\/secure.gravatar.com\\\/avatar\\\/07dbf91b971b12a1c3042e2d96a1fc08ffc091127f38586879de72ec43396623?s=96&d=mm&r=g\",\"caption\":\"RWe\"},\"logo\":{\"@id\":\"https:\\\/\\\/secure.gravatar.com\\\/avatar\\\/07dbf91b971b12a1c3042e2d96a1fc08ffc091127f38586879de72ec43396623?s=96&d=mm&r=g\"}}]}<\/script>\n<!-- \/ Yoast SEO plugin. -->","yoast_head_json":{"title":"Ergebnisse\/Termine 2021 - Retro-Rallye","description":"Retro-Rallyes werden mit mindestens 20 Jahren alten Fahrzeugen auf Sollzeit gefahren. Durch die geringen Kosten ein perfekter Einstieg in den Motorsport.","robots":{"index":"index","follow":"follow","max-snippet":"max-snippet:-1","max-image-preview":"max-image-preview:large","max-video-preview":"max-video-preview:-1"},"canonical":"https:\/\/retrorallye.de\/?page_id=1388","og_locale":"de_DE","og_type":"article","og_title":"Ergebnisse\/Termine 2021 - Retro-Rallye","og_description":"Retro-Rallyes werden mit mindestens 20 Jahren alten Fahrzeugen auf Sollzeit gefahren. Durch die geringen Kosten ein perfekter Einstieg in den Motorsport.","og_url":"https:\/\/retrorallye.de\/?page_id=1388","og_site_name":"Retro-Rallye","article_modified_time":"2024-11-16T11:27:45+00:00","twitter_card":"summary_large_image","twitter_misc":{"Gesch\u00e4tzte Lesezeit":"3\u00a0Minuten"},"schema":{"@context":"https:\/\/schema.org","@graph":[{"@type":"WebPage","@id":"https:\/\/retrorallye.de\/?page_id=1388","url":"https:\/\/retrorallye.de\/?page_id=1388","name":"Ergebnisse\/Termine 2021 - Retro-Rallye","isPartOf":{"@id":"https:\/\/retrorallye.de\/#website"},"datePublished":"2021-11-17T17:13:31+00:00","dateModified":"2024-11-16T11:27:45+00:00","description":"Retro-Rallyes werden mit mindestens 20 Jahren alten Fahrzeugen auf Sollzeit gefahren. Durch die geringen Kosten ein perfekter Einstieg in den Motorsport.","breadcrumb":{"@id":"https:\/\/retrorallye.de\/?page_id=1388#breadcrumb"},"inLanguage":"de","potentialAction":[{"@type":"ReadAction","target":["https:\/\/retrorallye.de\/?page_id=1388"]}]},{"@type":"BreadcrumbList","@id":"https:\/\/retrorallye.de\/?page_id=1388#breadcrumb","itemListElement":[{"@type":"ListItem","position":1,"name":"Startseite","item":"https:\/\/retrorallye.de\/"},{"@type":"ListItem","position":2,"name":"Termine 2025","item":"https:\/\/retrorallye.de\/?page_id=136"},{"@type":"ListItem","position":3,"name":"Ergebnisse\/Termine 2021"}]},{"@type":"WebSite","@id":"https:\/\/retrorallye.de\/#website","url":"https:\/\/retrorallye.de\/","name":"Retro-Rallye","description":"Der Einstieg in den Motorsport","publisher":{"@id":"https:\/\/retrorallye.de\/#\/schema\/person\/512d86710bd0792a48b37215fe6fdb1b"},"potentialAction":[{"@type":"SearchAction","target":{"@type":"EntryPoint","urlTemplate":"https:\/\/retrorallye.de\/?s={search_term_string}"},"query-input":{"@type":"PropertyValueSpecification","valueRequired":true,"valueName":"search_term_string"}}],"inLanguage":"de"},{"@type":["Person","Organization"],"@id":"https:\/\/retrorallye.de\/#\/schema\/person\/512d86710bd0792a48b37215fe6fdb1b","name":"RWe","image":{"@type":"ImageObject","inLanguage":"de","@id":"https:\/\/secure.gravatar.com\/avatar\/07dbf91b971b12a1c3042e2d96a1fc08ffc091127f38586879de72ec43396623?s=96&d=mm&r=g","url":"https:\/\/secure.gravatar.com\/avatar\/07dbf91b971b12a1c3042e2d96a1fc08ffc091127f38586879de72ec43396623?s=96&d=mm&r=g","contentUrl":"https:\/\/secure.gravatar.com\/avatar\/07dbf91b971b12a1c3042e2d96a1fc08ffc091127f38586879de72ec43396623?s=96&d=mm&r=g","caption":"RWe"},"logo":{"@id":"https:\/\/secure.gravatar.com\/avatar\/07dbf91b971b12a1c3042e2d96a1fc08ffc091127f38586879de72ec43396623?s=96&d=mm&r=g"}}]}},"_links":{"self":[{"href":"https:\/\/retrorallye.de\/index.php?rest_route=\/wp\/v2\/pages\/1388","targetHints":{"allow":["GET"]}}],"collection":[{"href":"https:\/\/retrorallye.de\/index.php?rest_route=\/wp\/v2\/pages"}],"about":[{"href":"https:\/\/retrorallye.de\/index.php?rest_route=\/wp\/v2\/types\/page"}],"author":[{"embeddable":true,"href":"https:\/\/retrorallye.de\/index.php?rest_route=\/wp\/v2\/users\/1"}],"replies":[{"embeddable":true,"href":"https:\/\/retrorallye.de\/index.php?rest_route=%2Fwp%2Fv2%2Fcomments&post=1388"}],"version-history":[{"count":6,"href":"https:\/\/retrorallye.de\/index.php?rest_route=\/wp\/v2\/pages\/1388\/revisions"}],"predecessor-version":[{"id":2543,"href":"https:\/\/retrorallye.de\/index.php?rest_route=\/wp\/v2\/pages\/1388\/revisions\/2543"}],"up":[{"embeddable":true,"href":"https:\/\/retrorallye.de\/index.php?rest_route=\/wp\/v2\/pages\/136"}],"wp:attachment":[{"href":"https:\/\/retrorallye.de\/index.php?rest_route=%2Fwp%2Fv2%2Fmedia&parent=1388"}],"curies":[{"name":"wp","href":"https:\/\/api.w.org\/{rel}","templated":true}]}}